{"id":205,"date":"2019-02-17T08:18:14","date_gmt":"2019-02-17T13:18:14","guid":{"rendered":"https:\/\/paniercanada.com\/?page_id=205"},"modified":"2022-11-05T21:16:33","modified_gmt":"2022-11-06T01:16:33","slug":"propos","status":"publish","type":"page","link":"https:\/\/paniercanada.com\/en\/propos\/","title":{"rendered":"About"},"content":{"rendered":"<p>[et_pb_section fb_built=\u00a0\u00bb1&Prime; custom_padding_last_edited=\u00a0\u00bbon|tablet\u00a0\u00bb admin_label=\u00a0\u00bbHero Section\u00a0\u00bb _builder_version=\u00a0\u00bb4.16&Prime; background_color=\u00a0\u00bb#3644af\u00a0\u00bb use_background_color_gradient=\u00a0\u00bbon\u00a0\u00bb background_color_gradient_stops=\u00a0\u00bbrgba(255,255,255,0) 0%|#ffffff 100%\u00a0\u00bb background_color_gradient_overlays_image=\u00a0\u00bbon\u00a0\u00bb background_color_gradient_start=\u00a0\u00bbrgba(255,255,255,0)\u00a0\u00bb background_color_gradient_end=\u00a0\u00bb#ffffff\u00a0\u00bb background_image=\u00a0\u00bbhttps:\/\/paniercanada.com\/wp-content\/uploads\/2019\/02\/Optimisation-Site-Web-Forfaits-1.jpg\u00a0\u00bb custom_padding=\u00a0\u00bb100px|0px|279px|0px|false|false\u00a0\u00bb custom_padding_tablet=\u00a0\u00bb|||\u00a0\u00bb custom_padding_phone=\u00a0\u00bb|||\u00a0\u00bb global_colors_info=\u00a0\u00bb{}\u00a0\u00bb][et_pb_row column_structure=\u00a0\u00bb2_3,1_3&Prime; _builder_version=\u00a0\u00bb4.16&Prime; background_color=\u00a0\u00bbrgba(0,0,0,0.68)\u00a0\u00bb max_width=\u00a0\u00bb80%\u00a0\u00bb custom_padding=\u00a0\u00bb45px|0px|56px|0px|false|false\u00a0\u00bb animation_style=\u00a0\u00bbslide\u00a0\u00bb animation_direction=\u00a0\u00bbbottom\u00a0\u00bb animation_intensity_slide=\u00a0\u00bb10%\u00a0\u00bb use_custom_width=\u00a0\u00bbon\u00a0\u00bb width_unit=\u00a0\u00bboff\u00a0\u00bb global_colors_info=\u00a0\u00bb{}\u00a0\u00bb][et_pb_column type=\u00a0\u00bb2_3&Prime; _builder_version=\u00a0\u00bb4.16&Prime; custom_padding=\u00a0\u00bb|||\u00a0\u00bb global_colors_info=\u00a0\u00bb{}\u00a0\u00bb custom_padding__hover=\u00a0\u00bb|||\u00a0\u00bb][et_pb_text admin_label=\u00a0\u00bbTitle and text\u00a0\u00bb _builder_version=\u00a0\u00bb4.19.0&Prime; text_font=\u00a0\u00bbUbuntu||||||||\u00a0\u00bb text_text_color=\u00a0\u00bb#ffffff\u00a0\u00bb text_font_size=\u00a0\u00bb16px\u00a0\u00bb text_line_height=\u00a0\u00bb1.8em\u00a0\u00bb link_font=\u00a0\u00bb||||||||\u00a0\u00bb ul_font=\u00a0\u00bb||||||||\u00a0\u00bb header_font=\u00a0\u00bbMontserrat|600|||||||\u00a0\u00bb header_text_color=\u00a0\u00bb#e09900&Prime; header_font_size=\u00a0\u00bb50px\u00a0\u00bb header_line_height=\u00a0\u00bb1.4em\u00a0\u00bb header_2_font=\u00a0\u00bb||||||||\u00a0\u00bb module_alignment=\u00a0\u00bbcenter\u00a0\u00bb custom_padding=\u00a0\u00bb|||45px\u00a0\u00bb hover_enabled=\u00a0\u00bb0&Prime; header_font_size_tablet=\u00a0\u00bb\u00a0\u00bb header_font_size_phone=\u00a0\u00bb40px\u00a0\u00bb header_font_size_last_edited=\u00a0\u00bbon|desktop\u00a0\u00bb locked=\u00a0\u00bboff\u00a0\u00bb global_colors_info=\u00a0\u00bb{}\u00a0\u00bb sticky_enabled=\u00a0\u00bb0&Prime;]<\/p>\n<h1>\u00c0 propos<\/h1>\n<p>Depuis 2008, Optimisation Site Web propose principalement un service cl\u00e9 en main de d\u00e9veloppement Web. Nous cr\u00e9ons des Sites Web complets avec tous les outils n\u00e9cessaires afin d&rsquo;obtenir les meilleurs r\u00e9sultats pour votre entreprise. Au fil des ann\u00e9es, nous avons acquis une expertise avec la cr\u00e9ation de Boutiques en ligne pour la vente de vos Produits et Services.<\/p>\n<p>Nous avons \u00e9galement d\u00e9velopp\u00e9 des Syst\u00e8mes de R\u00e9servation en ligne pour des H\u00e9bergements locatifs tels que: Chalets, Chambres, Suites, Appartements et autres&#8230; Nous avons cr\u00e9\u00e9 des Syst\u00e8mes de prise de rendez-vous en ligne pour les professionnels (dentistes, chiropracteurs, massoth\u00e9rapeutes, avocats, &#8230;) ainsi que des Syst\u00e8mes d&rsquo;adh\u00e9sion avec abonnement (cours de danse, arts martiaux, natation, yoga&#8230;). Pour terminer, nous offrons \u00e9galement, pour les Concessionnaires, un Syst\u00e8me de Vente\/Location en ligne de v\u00e9hicules avec Comptoir de services.<\/p>\n<p>Optimisation Site Web a \u00e9galement acquis une expertise de pointe dans le march\u00e9 du R\u00e9f\u00e9rencement web, commun\u00e9ment appel\u00e9 SEO (Search Engine Optimization) et d&rsquo;Optimisation Structurelle. Nos experts ont d\u00e9velopp\u00e9 des Strat\u00e9gies\u00a0sur mesure pour tous types d&rsquo;entreprise. Son concept permet une visibilit\u00e9 et pr\u00e9sence accrue sur les moteurs de recherche. Il est imp\u00e9ratif et indispensable pour la croissance et prosp\u00e9rit\u00e9 d&rsquo;une entreprise de s\u00e9rieusement consid\u00e9rer cet approche.<\/p>\n<p>Chez Optimisation Site Web, l&rsquo;apprentissage et l&rsquo;utilisation des Outils Google ont permit\u00a0d&rsquo;analyser, de d\u00e9velopper, d&rsquo;am\u00e9liorer la mise en march\u00e9 et de consolider le positionnement des entreprises par rapport \u00e0 leurs comp\u00e9titeurs tout en augmentant la profitabilit\u00e9 de leur \u00e9tablissement.<\/p>\n<p>Nos Services compl\u00e9mentaires tels que celui de Programmation, de Traduction, d&rsquo;Envoi massif (Infolettre), d&rsquo;Ouverture de comptes de R\u00e9seaux Sociaux, de Formation diverse, de Service conseil et Strat\u00e9gie SEO, de Conception Graphique, Campagnes publicitaires (Google Adds) et Vid\u00e9o promotionnelle (Video motion), font \u00e9galement parti des Services que nous offrons.<\/p>\n<p>Avec le temps, Optimisation Site Web a suivi les tendances\u00a0et a su s&rsquo;adapter aux exigences web qui sont en constante \u00e9volution.<\/p>\n<p>Aujourd\u2019hui, nos services vont bien au del\u00e0 de la simple cr\u00e9ation d&rsquo;un web et du SEO. Il n\u2019en tient qu\u2019\u00e0 vous de nous contacter et de constater que nous avons \u00e0 c\u0153ur, votre r\u00e9ussite. Il nous fera toujours plaisir de bien vous servir!<\/p>\n<p>Roberto Gaier<br \/>Pr\u00e9sident \u2013 Directeur de Projet<br \/>Sp\u00e9cialiste SEO.<\/p>\n<p>[\/et_pb_text][\/et_pb_column][et_pb_column type=\u00a0\u00bb1_3&Prime; _builder_version=\u00a0\u00bb4.16&Prime; custom_padding=\u00a0\u00bb|||\u00a0\u00bb global_colors_info=\u00a0\u00bb{}\u00a0\u00bb custom_padding__hover=\u00a0\u00bb|||\u00a0\u00bb][et_pb_team_member name=\u00a0\u00bbRoberto Gaier\u00a0\u00bb position=\u00a0\u00bbPr\u00e9sident \u2013 Directeur de Projet\u00a0\u00bb image_url=\u00a0\u00bbhttps:\/\/paniercanada.com\/wp-content\/uploads\/2019\/02\/Roberto-Gaier-Optimisation-Site-Web.jpg\u00a0\u00bb admin_label=\u00a0\u00bbImage &#8211; Robert Gaier\u00a0\u00bb _builder_version=\u00a0\u00bb4.16&Prime; global_colors_info=\u00a0\u00bb{}\u00a0\u00bb]Sp\u00e9cialiste SEO.[\/et_pb_team_member][\/et_pb_column][\/et_pb_row][\/et_pb_section][et_pb_section fb_built=\u00a0\u00bb1&Prime; _builder_version=\u00a0\u00bb4.16&Prime; custom_padding=\u00a0\u00bb0|0px|0|0px|false|false\u00a0\u00bb global_colors_info=\u00a0\u00bb{}\u00a0\u00bb][et_pb_row _builder_version=\u00a0\u00bb4.16&Prime; global_colors_info=\u00a0\u00bb{}\u00a0\u00bb][et_pb_column type=\u00a0\u00bb4_4&Prime; _builder_version=\u00a0\u00bb4.16&Prime; custom_padding=\u00a0\u00bb|||\u00a0\u00bb global_colors_info=\u00a0\u00bb{}\u00a0\u00bb custom_padding__hover=\u00a0\u00bb|||\u00a0\u00bb][et_pb_text admin_label=\u00a0\u00bbSEO Footer\u00a0\u00bb _builder_version=\u00a0\u00bb4.16&Prime; text_font=\u00a0\u00bb||||||||\u00a0\u00bb text_font_size=\u00a0\u00bb10px\u00a0\u00bb global_colors_info=\u00a0\u00bb{}\u00a0\u00bb]<\/p>\n<p style=\"text-align: center;\">\u00c0 propos &#8211; Optimisation Site Web &#8211; OSWSEO &#8211; Services &#8211; Sp\u00e9cialiste SEO &#8211; SEO &#8211; R\u00e9f\u00e9rencement naturel &#8211; R\u00e9f\u00e9rencement organique &#8211; Optimisation &#8211; Site Web &#8211; Strat\u00e9gie SEO &#8211; R\u00e9f\u00e9rencement Web &#8211; Optimisation structurelle &#8211; Expertise Web &#8211; Service conseil SEO &#8211; Service SEO &#8211; D\u00e9veloppement Web &#8211; Design Web &#8211; Analyse SEO &#8211; Analyse de march\u00e9 &#8211; Suite Google &#8211; Outils Google &#8211; Google Analytics &#8211; Google Mon Entreprise &#8211; Google maps &#8211; Google Tendance &#8211; AdWords &#8211; Portfolio &#8211; Solution de r\u00e9f\u00e9rencement &#8211; Vid\u00e9o promotionnelle &#8211; Video motion &#8211; Cr\u00e9ation Web &#8211; Web marketing &#8211; R\u00e9seaux Sociaux &#8211; Services compl\u00e9mentaires &#8211; Plan du site &#8211; H\u00e9bergement &#8211; Conception graphique &#8211; Programmation &#8211; Articles promotionnels &#8211; Montr\u00e9al &#8211; Rive-Sud &#8211; Longueuil &#8211; Rive-Nord &#8211; Qu\u00e9bec &#8211; Qc<\/p>\n<p>[\/et_pb_text][\/et_pb_column][\/et_pb_row][\/et_pb_section]<\/p>\n","protected":false},"excerpt":{"rendered":"<p>\u00c0 propos Depuis 2008, Optimisation Site Web propose principalement un service cl\u00e9 en main de d\u00e9veloppement Web. Nous cr\u00e9ons des Sites Web complets avec tous les outils n\u00e9cessaires afin d&rsquo;obtenir les meilleurs r\u00e9sultats pour votre entreprise. Au fil des ann\u00e9es, nous avons acquis une expertise avec la cr\u00e9ation de Boutiques en ligne pour la vente [&hellip;]<\/p>\n","protected":false},"author":1,"featured_media":0,"parent":0,"menu_order":0,"comment_status":"closed","ping_status":"closed","template":"","meta":{"_acf_changed":false,"_et_pb_use_builder":"on","_et_pb_old_content":"","_et_gb_content_width":"","_eb_attr":"","footnotes":""},"class_list":["post-205","page","type-page","status-publish","hentry"],"acf":[],"_links":{"self":[{"href":"https:\/\/paniercanada.com\/en\/wp-json\/wp\/v2\/pages\/205","targetHints":{"allow":["GET"]}}],"collection":[{"href":"https:\/\/paniercanada.com\/en\/wp-json\/wp\/v2\/pages"}],"about":[{"href":"https:\/\/paniercanada.com\/en\/wp-json\/wp\/v2\/types\/page"}],"author":[{"embeddable":true,"href":"https:\/\/paniercanada.com\/en\/wp-json\/wp\/v2\/users\/1"}],"replies":[{"embeddable":true,"href":"https:\/\/paniercanada.com\/en\/wp-json\/wp\/v2\/comments?post=205"}],"version-history":[{"count":8,"href":"https:\/\/paniercanada.com\/en\/wp-json\/wp\/v2\/pages\/205\/revisions"}],"predecessor-version":[{"id":1169,"href":"https:\/\/paniercanada.com\/en\/wp-json\/wp\/v2\/pages\/205\/revisions\/1169"}],"wp:attachment":[{"href":"https:\/\/paniercanada.com\/en\/wp-json\/wp\/v2\/media?parent=205"}],"curies":[{"name":"wp","href":"https:\/\/api.w.org\/{rel}","templated":true}]}}