{"id":216,"date":"2019-02-19T03:34:01","date_gmt":"2019-02-19T08:34:01","guid":{"rendered":"https:\/\/paniercanada.com\/?page_id=216"},"modified":"2021-04-03T22:39:07","modified_gmt":"2021-04-04T02:39:07","slug":"faq","status":"publish","type":"page","link":"https:\/\/paniercanada.com\/en\/faq\/","title":{"rendered":"FAQ"},"content":{"rendered":"<p>[et_pb_section fb_built=\u00a0\u00bb1&Prime; custom_padding_last_edited=\u00a0\u00bbon|tablet\u00a0\u00bb admin_label=\u00a0\u00bbHero Section\u00a0\u00bb _builder_version=\u00a0\u00bb3.19.15&Prime; background_color=\u00a0\u00bb#3644af\u00a0\u00bb use_background_color_gradient=\u00a0\u00bbon\u00a0\u00bb background_color_gradient_start=\u00a0\u00bbrgba(255,255,255,0)\u00a0\u00bb background_color_gradient_end=\u00a0\u00bb#ffffff\u00a0\u00bb background_color_gradient_overlays_image=\u00a0\u00bbon\u00a0\u00bb background_image=\u00a0\u00bbhttps:\/\/paniercanada.com\/wp-content\/uploads\/2019\/02\/Optimisation-Site-Web-FAQ-Foires-aux-questions.jpg\u00a0\u00bb custom_padding=\u00a0\u00bb100px|0px|167px|0px|false|false\u00a0\u00bb custom_padding_tablet=\u00a0\u00bb|||\u00a0\u00bb custom_padding_phone=\u00a0\u00bb|||\u00a0\u00bb][et_pb_row use_custom_width=\u00a0\u00bbon\u00a0\u00bb width_unit=\u00a0\u00bboff\u00a0\u00bb custom_padding=\u00a0\u00bb|||\u00a0\u00bb _builder_version=\u00a0\u00bb3.19.15&Prime; background_color=\u00a0\u00bbrgba(0,0,0,0.68)\u00a0\u00bb animation_style=\u00a0\u00bbslide\u00a0\u00bb animation_direction=\u00a0\u00bbbottom\u00a0\u00bb animation_intensity_slide=\u00a0\u00bb10%\u00a0\u00bb][et_pb_column type=\u00a0\u00bb4_4&Prime; _builder_version=\u00a0\u00bb3.0.47&Prime;][et_pb_text admin_label=\u00a0\u00bbTitle and subhead\u00a0\u00bb _builder_version=\u00a0\u00bb3.19.12&Prime; text_font=\u00a0\u00bbUbuntu||||||||\u00a0\u00bb text_text_color=\u00a0\u00bb#ffffff\u00a0\u00bb text_font_size=\u00a0\u00bb16px\u00a0\u00bb text_line_height=\u00a0\u00bb1.8em\u00a0\u00bb header_font=\u00a0\u00bbMontserrat|600|||||||\u00a0\u00bb header_text_color=\u00a0\u00bb#e09900&Prime; header_font_size=\u00a0\u00bb50px\u00a0\u00bb header_font_size_phone=\u00a0\u00bb40px\u00a0\u00bb header_font_size_last_edited=\u00a0\u00bbon|desktop\u00a0\u00bb header_line_height=\u00a0\u00bb1.4em\u00a0\u00bb header_2_font=\u00a0\u00bb||||||||\u00a0\u00bb text_orientation=\u00a0\u00bbcenter\u00a0\u00bb max_width=\u00a0\u00bb600px\u00a0\u00bb module_alignment=\u00a0\u00bbcenter\u00a0\u00bb locked=\u00a0\u00bboff\u00a0\u00bb]<\/p>\n<h1>Foire aux questions<\/h1>\n<p>Notre section FAQ, vous permet de trouver plusieurs r\u00e9ponses \u00e0 vos questions. Pour plus de d\u00e9tails ou si vous ne trouvez pas ce que vous cherchez, contactez-nous par courriel ou de vive voix et il nous fera plaisir de vous assister.<\/p>\n<p>[\/et_pb_text][\/et_pb_column][\/et_pb_row][\/et_pb_section][et_pb_section fb_built=\u00a0\u00bb1&Prime; admin_label=\u00a0\u00bbTeams &#038; Positions\u00a0\u00bb _builder_version=\u00a0\u00bb3.19.15&Prime; background_color=\u00a0\u00bb#ffffff\u00a0\u00bb custom_padding=\u00a0\u00bb0|0px|100px|0px|false|false\u00a0\u00bb][et_pb_row use_custom_width=\u00a0\u00bbon\u00a0\u00bb width_unit=\u00a0\u00bboff\u00a0\u00bb use_custom_gutter=\u00a0\u00bbon\u00a0\u00bb gutter_width=\u00a0\u00bb2&Prime; custom_padding=\u00a0\u00bb1px|0px|27px|0px|false|false\u00a0\u00bb admin_label=\u00a0\u00bbCareers\u00a0\u00bb _builder_version=\u00a0\u00bb3.19.15&Prime;][et_pb_column type=\u00a0\u00bb1_3&Prime; _builder_version=\u00a0\u00bb3.0.47&Prime;][et_pb_blurb title=\u00a0\u00bbG\u00e9n\u00e9ralit\u00e9s\u00a0\u00bb use_icon=\u00a0\u00bbon\u00a0\u00bb font_icon=\u00a0\u00bb%%83%%\u00a0\u00bb icon_color=\u00a0\u00bb#ffffff\u00a0\u00bb admin_label=\u00a0\u00bbCareers\u00a0\u00bb _builder_version=\u00a0\u00bb3.19.15&Prime; header_level=\u00a0\u00bbh2&Prime; header_font=\u00a0\u00bbMontserrat|600|||||||\u00a0\u00bb header_text_align=\u00a0\u00bbcenter\u00a0\u00bb header_font_size=\u00a0\u00bb21px\u00a0\u00bb header_line_height=\u00a0\u00bb1.7em\u00a0\u00bb header_text_shadow_style=\u00a0\u00bbpreset1&Prime; body_font=\u00a0\u00bbUbuntu||||||||\u00a0\u00bb body_text_align=\u00a0\u00bbcenter\u00a0\u00bb body_text_color=\u00a0\u00bb#ffffff\u00a0\u00bb body_font_size=\u00a0\u00bb16px\u00a0\u00bb background_color=\u00a0\u00bb#1fb6ea\u00a0\u00bb use_background_color_gradient=\u00a0\u00bbon\u00a0\u00bb background_color_gradient_start=\u00a0\u00bb#e09900&Prime; background_color_gradient_end=\u00a0\u00bb#000000&Prime; background_color_gradient_overlays_image=\u00a0\u00bbon\u00a0\u00bb background_image=\u00a0\u00bbhttps:\/\/paniercanada.com\/wp-content\/uploads\/2019\/02\/web-design-bg-texture_03.jpg\u00a0\u00bb background_blend=\u00a0\u00bboverlay\u00a0\u00bb border_radii=\u00a0\u00bbon|5px|5px|5px|5px\u00a0\u00bb background_layout=\u00a0\u00bbdark\u00a0\u00bb custom_margin=\u00a0\u00bb10px||10px|\u00a0\u00bb custom_padding=\u00a0\u00bb20px||10px||false\u00a0\u00bb animation_style=\u00a0\u00bbflip\u00a0\u00bb animation_direction=\u00a0\u00bbleft\u00a0\u00bb animation_intensity_flip=\u00a0\u00bb100%\u00a0\u00bb][\/et_pb_blurb][et_pb_accordion _builder_version=\u00a0\u00bb3.19.15&Prime;][et_pb_accordion_item title=\u00a0\u00bbQuels modes de paiement offrons-nous ?\u00a0\u00bb open=\u00a0\u00bbon\u00a0\u00bb _builder_version=\u00a0\u00bb3.19.15&Prime; title_text_shadow_horizontal_length=\u00a0\u00bb0em\u00a0\u00bb title_text_shadow_vertical_length=\u00a0\u00bb0em\u00a0\u00bb title_text_shadow_blur_strength=\u00a0\u00bb0em\u00a0\u00bb body_text_shadow_horizontal_length=\u00a0\u00bb0em\u00a0\u00bb body_text_shadow_vertical_length=\u00a0\u00bb0em\u00a0\u00bb body_text_shadow_blur_strength=\u00a0\u00bb0em\u00a0\u00bb]<\/p>\n<ul>\n<li>Virement bancaire;<\/li>\n<li>Ch\u00e8que;<\/li>\n<li>PayPal;<\/li>\n<li>Carte de cr\u00e9dit;<\/li>\n<li>Bitcoin.<\/li>\n<\/ul>\n<p>[\/et_pb_accordion_item][et_pb_accordion_item title=\u00a0\u00bbNos projets Web sont-ils de type modulaire ?\u00a0\u00bb open=\u00a0\u00bboff\u00a0\u00bb _builder_version=\u00a0\u00bb3.19.15&Prime; title_text_shadow_horizontal_length=\u00a0\u00bb0em\u00a0\u00bb title_text_shadow_vertical_length=\u00a0\u00bb0em\u00a0\u00bb title_text_shadow_blur_strength=\u00a0\u00bb0em\u00a0\u00bb body_text_shadow_horizontal_length=\u00a0\u00bb0em\u00a0\u00bb body_text_shadow_vertical_length=\u00a0\u00bb0em\u00a0\u00bb body_text_shadow_blur_strength=\u00a0\u00bb0em\u00a0\u00bb]Les types de projets que nous proposons sont modulaires dans leur int\u00e9gralit\u00e9. Notre concept assure que nous pouvons diviser les projets en phases en vue de les d\u00e9velopper au fil du temps selon les besoins, le budget, vos exigences ou celles du march\u00e9. Nous les d\u00e9finissons ensemble.<\/p>\n<p>De plus, si n\u00e9cessaire, la nature et la flexibilit\u00e9 de notre concept fait en sorte que nous pouvons permuter ou remplacer les diff\u00e9rentes phases selon les besoins imm\u00e9diats de l\u2019entreprise face \u00e0 un march\u00e9 constamment en \u00e9volution. En d\u2019autres termes, il est possible de modifier les \u00e9l\u00e9ments du projet initial, en y ajoutant, en supprimant ou en \u00e9changeant des services m\u00eame si les travaux sont d\u00e9j\u00e0 entrepris.[\/et_pb_accordion_item][et_pb_accordion_item title=\u00a0\u00bbQu&rsquo;est-ce qu&rsquo;un moteur de recherche ?\u00a0\u00bb open=\u00a0\u00bboff\u00a0\u00bb _builder_version=\u00a0\u00bb3.19.15&Prime; title_text_shadow_horizontal_length=\u00a0\u00bb0em\u00a0\u00bb title_text_shadow_vertical_length=\u00a0\u00bb0em\u00a0\u00bb title_text_shadow_blur_strength=\u00a0\u00bb0em\u00a0\u00bb body_text_shadow_horizontal_length=\u00a0\u00bb0em\u00a0\u00bb body_text_shadow_vertical_length=\u00a0\u00bb0em\u00a0\u00bb body_text_shadow_blur_strength=\u00a0\u00bb0em\u00a0\u00bb]Un moteur de recherche est une application Web qui permet \u00e0 un internaute de retrouver entre autres, des ressources d\u00e9sir\u00e9es telles que : des pages Web, des articles de forums des fichiers, des images, des vid\u00e9o etc. qui sont associ\u00e9es \u00e0 des mots ou une s\u00e9rie de mots quelconques.<\/p>\n<p>Les moteurs de recherche les plus connus sont: Google, Yahoo, Bing, YouTube, Safari, Ask\u2026[\/et_pb_accordion_item][et_pb_accordion_item title=\u00a0\u00bbComment fonctionnent les moteurs de recherche ?\u00a0\u00bb open=\u00a0\u00bboff\u00a0\u00bb _builder_version=\u00a0\u00bb3.19.15&Prime; title_text_shadow_horizontal_length=\u00a0\u00bb0em\u00a0\u00bb title_text_shadow_vertical_length=\u00a0\u00bb0em\u00a0\u00bb title_text_shadow_blur_strength=\u00a0\u00bb0em\u00a0\u00bb body_text_shadow_horizontal_length=\u00a0\u00bb0em\u00a0\u00bb body_text_shadow_vertical_length=\u00a0\u00bb0em\u00a0\u00bb body_text_shadow_blur_strength=\u00a0\u00bb0em\u00a0\u00bb]Les moteurs de recherche sont dot\u00e9s de \u00ab robots \u00bb, aussi appel\u00e9s \u00ab bots \u00bb, \u00ab spiders \u00bb, \u00ab crawlers \u00bb ou \u00ab agents \u00bb, qui parcourent les sites Web \u00e0 intervalles r\u00e9guliers et de fa\u00e7on automatique, c\u2019est-\u00e0-dire, sans intervention humaine, pour d\u00e9couvrir de nouvelles adresses, aussi appel\u00e9es \u00ab URL \u00bb.<\/p>\n<p>Ces robots suivent les liens hypertextes qui relient les pages entre elles, que ce soit dans le m\u00eame site ou ailleur.<\/p>\n<p>Chaque page identifi\u00e9e est alors index\u00e9e dans une base de donn\u00e9es qui est ensuite accessible par les Internautes, \u00e0 partir d\u2019une recherche mots-cl\u00e9s sur les moteurs de recherche.[\/et_pb_accordion_item][et_pb_accordion_item title=\u00a0\u00bbPourquoi utiliser les services Google ?\u00a0\u00bb open=\u00a0\u00bboff\u00a0\u00bb _builder_version=\u00a0\u00bb3.19.15&Prime; title_text_shadow_horizontal_length=\u00a0\u00bb0em\u00a0\u00bb title_text_shadow_vertical_length=\u00a0\u00bb0em\u00a0\u00bb title_text_shadow_blur_strength=\u00a0\u00bb0em\u00a0\u00bb body_text_shadow_horizontal_length=\u00a0\u00bb0em\u00a0\u00bb body_text_shadow_vertical_length=\u00a0\u00bb0em\u00a0\u00bb body_text_shadow_blur_strength=\u00a0\u00bb0em\u00a0\u00bb]L\u2019outil de recherche le plus puissant sur le Web est Google. Il \u00e9volue et s\u2019adapte aux nouvelles r\u00e9alit\u00e9s virtuelles au fil des mois.<\/p>\n<p>En utilisant les divers services de Google, vous aidez votre entreprise \u00e0 mieux se pr\u00e9senter sur le Web donc, par le fait m\u00eame, \u00e0 mieux s\u2019afficher en t\u00eate de liste des r\u00e9sultats lors des recherches effectu\u00e9es par les Internautes.<\/p>\n<p>Que ce soit avec un compte \u00ab Mon Entreprise \u00bb, un Google Map, avec des publications AdWords et autres. Ceci annonce \u00e0 Google, le s\u00e9rieux de vos efforts \u00e0 pr\u00e9senter votre entreprise sur le Web.<\/p>\n<p>Chaque petits d\u00e9tails font en sorte que vous \u00eates en t\u00eate de liste ou assit dans le wagon \u00e0 la queue du train.<\/p>\n<p>A vous de choisir ![\/et_pb_accordion_item][\/et_pb_accordion][\/et_pb_column][et_pb_column type=\u00a0\u00bb1_3&Prime; _builder_version=\u00a0\u00bb3.0.47&Prime;][et_pb_blurb title=\u00a0\u00bbSEO &#8211; Campagnes publicitaires\u00a0\u00bb use_icon=\u00a0\u00bbon\u00a0\u00bb font_icon=\u00a0\u00bb%%158%%\u00a0\u00bb icon_color=\u00a0\u00bb#ffffff\u00a0\u00bb admin_label=\u00a0\u00bbCareers\u00a0\u00bb _builder_version=\u00a0\u00bb3.19.15&Prime; header_level=\u00a0\u00bbh2&Prime; header_font=\u00a0\u00bbMontserrat|600|||||||\u00a0\u00bb header_text_align=\u00a0\u00bbcenter\u00a0\u00bb header_font_size=\u00a0\u00bb21px\u00a0\u00bb header_line_height=\u00a0\u00bb1.7em\u00a0\u00bb header_text_shadow_style=\u00a0\u00bbpreset1&Prime; body_font=\u00a0\u00bbUbuntu||||||||\u00a0\u00bb body_text_align=\u00a0\u00bbcenter\u00a0\u00bb body_text_color=\u00a0\u00bb#ffffff\u00a0\u00bb body_font_size=\u00a0\u00bb16px\u00a0\u00bb background_color=\u00a0\u00bb#1fb6ea\u00a0\u00bb use_background_color_gradient=\u00a0\u00bbon\u00a0\u00bb background_color_gradient_start=\u00a0\u00bbrgba(12,113,195,0.5)\u00a0\u00bb background_color_gradient_end=\u00a0\u00bb#000000&Prime; background_color_gradient_overlays_image=\u00a0\u00bbon\u00a0\u00bb background_image=\u00a0\u00bbhttps:\/\/paniercanada.com\/wp-content\/uploads\/2019\/02\/web-design-bg-texture_01.jpg\u00a0\u00bb border_radii=\u00a0\u00bbon|5px|5px|5px|5px\u00a0\u00bb background_layout=\u00a0\u00bbdark\u00a0\u00bb custom_margin=\u00a0\u00bb10px||10px|\u00a0\u00bb custom_padding=\u00a0\u00bb20px||10px||false\u00a0\u00bb animation_style=\u00a0\u00bbflip\u00a0\u00bb animation_direction=\u00a0\u00bbleft\u00a0\u00bb animation_delay=\u00a0\u00bb250ms\u00a0\u00bb animation_intensity_flip=\u00a0\u00bb100%\u00a0\u00bb][\/et_pb_blurb][et_pb_accordion _builder_version=\u00a0\u00bb3.19.15&Prime;][et_pb_accordion_item title=\u00a0\u00bbQuelle est la signification de SEO ?\u00a0\u00bb open=\u00a0\u00bbon\u00a0\u00bb _builder_version=\u00a0\u00bb3.19.15&Prime; title_text_shadow_horizontal_length=\u00a0\u00bb0em\u00a0\u00bb title_text_shadow_vertical_length=\u00a0\u00bb0em\u00a0\u00bb title_text_shadow_blur_strength=\u00a0\u00bb0em\u00a0\u00bb body_text_shadow_horizontal_length=\u00a0\u00bb0em\u00a0\u00bb body_text_shadow_vertical_length=\u00a0\u00bb0em\u00a0\u00bb body_text_shadow_blur_strength=\u00a0\u00bb0em\u00a0\u00bb]SEO est un acronyme tir\u00e9 de l\u2019anglais pour: Search Engine Optimization.<\/p>\n<p>Le SEO est \u00e9galement synonyme de r\u00e9f\u00e9rencement naturel, de r\u00e9f\u00e9rencement organique ou encore, d\u2019optimisation de site Web. Le SEO se d\u00e9fini comme \u00e9tant une m\u00e9thode pour am\u00e9liorer la visibilit\u00e9 des sites Web sur les moteurs de recherche tels que Google, Yahoo, Bing et les autres.[\/et_pb_accordion_item][et_pb_accordion_item title=\u00a0\u00bbPourquoi effectuer le SEO ?\u00a0\u00bb open=\u00a0\u00bboff\u00a0\u00bb _builder_version=\u00a0\u00bb3.19.15&Prime; title_text_shadow_horizontal_length=\u00a0\u00bb0em\u00a0\u00bb title_text_shadow_vertical_length=\u00a0\u00bb0em\u00a0\u00bb title_text_shadow_blur_strength=\u00a0\u00bb0em\u00a0\u00bb body_text_shadow_horizontal_length=\u00a0\u00bb0em\u00a0\u00bb body_text_shadow_vertical_length=\u00a0\u00bb0em\u00a0\u00bb body_text_shadow_blur_strength=\u00a0\u00bb0em\u00a0\u00bb]Le SEO cr\u00e9e un impact majeur lors de l\u2019indexation des sites dans la liste des r\u00e9sultats des moteurs de recherche. Cela permet sans ambigu\u00eft\u00e9, d\u2019accro\u00eetre la visibilit\u00e9 d\u2019une entreprise sur le Web ainsi que sa rentabilit\u00e9 en autant que le contenu de son site soit de haute qualit\u00e9 et d\u2019int\u00e9r\u00eat pour les utilisateurs.[\/et_pb_accordion_item][et_pb_accordion_item title=\u00a0\u00bbComment choisir un expert SEO ?\u00a0\u00bb open=\u00a0\u00bboff\u00a0\u00bb _builder_version=\u00a0\u00bb3.19.15&Prime; title_text_shadow_horizontal_length=\u00a0\u00bb0em\u00a0\u00bb title_text_shadow_vertical_length=\u00a0\u00bb0em\u00a0\u00bb title_text_shadow_blur_strength=\u00a0\u00bb0em\u00a0\u00bb body_text_shadow_horizontal_length=\u00a0\u00bb0em\u00a0\u00bb body_text_shadow_vertical_length=\u00a0\u00bb0em\u00a0\u00bb body_text_shadow_blur_strength=\u00a0\u00bb0em\u00a0\u00bb]Lorsque vous recherchez une entreprise qualifi\u00e9e de service conseil SEO, assurez-vous qu\u2019elle puisse vous montrer leur savoir-faire par des exemples et des r\u00e9sultats.<\/p>\n<p>Elle doit \u00eatre en mesure de vous pr\u00e9senter un plan de d\u00e9veloppement, satisfaire vos besoins d\u2019affaires et de respecter votre budget. Elle doit \u00eatre transparente dans sa m\u00e9thode de travail, vous impliquer tout au long de la progression de votre projet et vous faire participer dans le processus de d\u00e9cisions.<\/p>\n<p>Ses experts SEO devraient \u00e9galement \u00eatre en mesure de vulgariser les questions techniques, toujours chercher de nouvelles id\u00e9es et d\u2019\u00eatre en mesure de suivre les tendances.[\/et_pb_accordion_item][et_pb_accordion_item title=\u00a0\u00bbLe SEO, est-il suffisant \u00e0 lui seul pour une bonne visibilit\u00e9 ?\u00a0\u00bb open=\u00a0\u00bboff\u00a0\u00bb _builder_version=\u00a0\u00bb3.19.15&Prime; title_text_shadow_horizontal_length=\u00a0\u00bb0em\u00a0\u00bb title_text_shadow_vertical_length=\u00a0\u00bb0em\u00a0\u00bb title_text_shadow_blur_strength=\u00a0\u00bb0em\u00a0\u00bb body_text_shadow_horizontal_length=\u00a0\u00bb0em\u00a0\u00bb body_text_shadow_vertical_length=\u00a0\u00bb0em\u00a0\u00bb body_text_shadow_blur_strength=\u00a0\u00bb0em\u00a0\u00bb]Pas vraiment ! Par contre, il existe quelques options pour y arriver. Certaines solutions sont plus on\u00e9reuse que d\u2019autres.[\/et_pb_accordion_item][et_pb_accordion_item title=\u00a0\u00bbPourquoi utiliser les campagnes publicitaires ?\u00a0\u00bb open=\u00a0\u00bboff\u00a0\u00bb _builder_version=\u00a0\u00bb3.19.15&Prime; title_text_shadow_horizontal_length=\u00a0\u00bb0em\u00a0\u00bb title_text_shadow_vertical_length=\u00a0\u00bb0em\u00a0\u00bb title_text_shadow_blur_strength=\u00a0\u00bb0em\u00a0\u00bb body_text_shadow_horizontal_length=\u00a0\u00bb0em\u00a0\u00bb body_text_shadow_vertical_length=\u00a0\u00bb0em\u00a0\u00bb body_text_shadow_blur_strength=\u00a0\u00bb0em\u00a0\u00bb]Lorsqu\u2019une entreprise n\u2019arrive pas \u00e0 positionner son site Web parmi les premiers r\u00e9sultats index\u00e9s sur les moteurs de recherche et de fa\u00e7on naturel, il faut envisager \u00e0 utiliser les campagnes publicitaires.<\/p>\n<p>Les entreprises qui veulent s\u2019afficher sous un mot cl\u00e9 pris\u00e9, devront se soumettre \u00e0 la loi de l\u2019offre et de la demande et payer pour chaque \u00ab clic \u00bb exerc\u00e9 par les internautes.<\/p>\n<p>Les campagnes sont un outil alternatif au SEO qui offre une visibilit\u00e9 24\/7 lorsque bien effectu\u00e9.[\/et_pb_accordion_item][\/et_pb_accordion][\/et_pb_column][et_pb_column type=\u00a0\u00bb1_3&Prime; _builder_version=\u00a0\u00bb3.0.47&Prime;][et_pb_blurb title=\u00a0\u00bbCompl\u00e9ments\u00a0\u00bb use_icon=\u00a0\u00bbon\u00a0\u00bb font_icon=\u00a0\u00bb%%176%%\u00a0\u00bb icon_color=\u00a0\u00bb#ffffff\u00a0\u00bb admin_label=\u00a0\u00bbCareers\u00a0\u00bb _builder_version=\u00a0\u00bb3.19.15&Prime; header_level=\u00a0\u00bbh2&Prime; header_font=\u00a0\u00bbMontserrat|600|||||||\u00a0\u00bb header_text_align=\u00a0\u00bbcenter\u00a0\u00bb header_font_size=\u00a0\u00bb21px\u00a0\u00bb header_line_height=\u00a0\u00bb1.7em\u00a0\u00bb header_text_shadow_style=\u00a0\u00bbpreset1&Prime; body_font=\u00a0\u00bbUbuntu||||||||\u00a0\u00bb body_text_align=\u00a0\u00bbcenter\u00a0\u00bb body_text_color=\u00a0\u00bb#ffffff\u00a0\u00bb body_font_size=\u00a0\u00bb16px\u00a0\u00bb background_color=\u00a0\u00bb#1fb6ea\u00a0\u00bb use_background_color_gradient=\u00a0\u00bbon\u00a0\u00bb background_color_gradient_start=\u00a0\u00bbrgba(224,43,32,0.5)\u00a0\u00bb background_color_gradient_end=\u00a0\u00bb#000000&Prime; background_color_gradient_overlays_image=\u00a0\u00bbon\u00a0\u00bb background_image=\u00a0\u00bbhttps:\/\/paniercanada.com\/wp-content\/uploads\/2019\/02\/web-design-bg-texture_03.jpg\u00a0\u00bb border_radii=\u00a0\u00bbon|5px|5px|5px|5px\u00a0\u00bb background_layout=\u00a0\u00bbdark\u00a0\u00bb custom_margin=\u00a0\u00bb10px||10px|\u00a0\u00bb custom_padding=\u00a0\u00bb20px|10px|10px|10px|false\u00a0\u00bb animation_style=\u00a0\u00bbflip\u00a0\u00bb animation_direction=\u00a0\u00bbleft\u00a0\u00bb animation_delay=\u00a0\u00bb750ms\u00a0\u00bb animation_intensity_flip=\u00a0\u00bb100%\u00a0\u00bb][\/et_pb_blurb][et_pb_accordion _builder_version=\u00a0\u00bb3.19.15&Prime;][et_pb_accordion_item title=\u00a0\u00bbPuis-je modifier moi-m\u00eame mon site ?\u00a0\u00bb open=\u00a0\u00bbon\u00a0\u00bb _builder_version=\u00a0\u00bb3.19.15&Prime; title_text_shadow_horizontal_length=\u00a0\u00bb0em\u00a0\u00bb title_text_shadow_vertical_length=\u00a0\u00bb0em\u00a0\u00bb title_text_shadow_blur_strength=\u00a0\u00bb0em\u00a0\u00bb body_text_shadow_horizontal_length=\u00a0\u00bb0em\u00a0\u00bb body_text_shadow_vertical_length=\u00a0\u00bb0em\u00a0\u00bb body_text_shadow_blur_strength=\u00a0\u00bb0em\u00a0\u00bb]La technologie d\u2019aujourd\u2019hui permet \u00e0 chaque entreprise de facilement contr\u00f4ler son environnement virtuel. Encore faut-il avoir le bon outil et un minimum de connaissance et de d\u00e9brouillardise pour le faire.<\/p>\n<p>M\u00eame si int\u00e9grer du contenu dans un site Web est similaire \u00e0 la cr\u00e9ation d\u2019un document dans un traitement de texte, il n\u2019en demeure pas moins qu\u2019un programmeur est essentiel pour effectuer l\u2019installation et le param\u00e9trage du Gestionnaire de Contenu avant son utilisation. On l\u2019appelle aussi, CMS, tir\u00e9 de l\u2019anglais pour : \u00ab Content Management System \u00bb.<\/p>\n<p>Une courte formation est recommand\u00e9e afin de convenablement utiliser l\u2019outil et de raffiner la pr\u00e9sentation virtuelle de votre entreprise.[\/et_pb_accordion_item][et_pb_accordion_item title=\u00a0\u00bbQuelle est l&rsquo;importance des R\u00e9seaux sociaux ?\u00a0\u00bb open=\u00a0\u00bboff\u00a0\u00bb _builder_version=\u00a0\u00bb3.19.15&Prime; title_text_shadow_horizontal_length=\u00a0\u00bb0em\u00a0\u00bb title_text_shadow_vertical_length=\u00a0\u00bb0em\u00a0\u00bb title_text_shadow_blur_strength=\u00a0\u00bb0em\u00a0\u00bb body_text_shadow_horizontal_length=\u00a0\u00bb0em\u00a0\u00bb body_text_shadow_vertical_length=\u00a0\u00bb0em\u00a0\u00bb body_text_shadow_blur_strength=\u00a0\u00bb0em\u00a0\u00bb]Aujourd\u2019hui, l\u2019importance des r\u00e9seaux sociaux n\u2019est plus \u00e0 \u00eatre remis en question. Ceux-ci jouent un r\u00f4le important lorsqu\u2019on parle de strat\u00e9gie de visibilit\u00e9 et de communication pour les entreprises.<\/p>\n<p>Il existe une quantit\u00e9 ph\u00e9nom\u00e9nale de r\u00e9seaux sociaux. Les plus connus \u00e9tant Facebook, LinkedIn, Google+, YouTube, Twitter, Pinterest.<\/p>\n<p>Le concept du r\u00e9seau social est de partager entre autres, des informations, des images, du texte, des vid\u00e9os, un service etc. sur lesquels les membres\/amis peuvent commenter pour donner leur opinions ou conseils.<\/p>\n<p>De plus, le fait d\u2019utiliser correctement les r\u00e9seaux sociaux permet de travailler sa popularit\u00e9, mais aussi le r\u00e9f\u00e9rencement d\u2019un site sur les moteurs de recherche, puisque les indices de partages des \u00e9l\u00e9ments d\u00e9pos\u00e9s sur les r\u00e9seaux sociaux aident \u00e0 am\u00e9liorer le classement d\u2019une page Web dans les r\u00e9sultats de Google.<\/p>\n<p>NB: Il faut savoir cibler le bon r\u00e9seau social en fonction des utilisateurs cibl\u00e9s sinon les efforts de publication risque de ne pas apporter les r\u00e9sultats escompt\u00e9s. Chaque r\u00e9seau social a son utilit\u00e9, sa cible, ses adeptes et sa fa\u00e7on de communiquer.[\/et_pb_accordion_item][\/et_pb_accordion][\/et_pb_column][\/et_pb_row][\/et_pb_section][et_pb_section fb_built=\u00a0\u00bb1&Prime; _builder_version=\u00a0\u00bb3.19.13&Prime; custom_padding=\u00a0\u00bb0|0px|0|0px|false|false\u00a0\u00bb][et_pb_row _builder_version=\u00a0\u00bb3.19.13&Prime;][et_pb_column type=\u00a0\u00bb4_4&Prime; _builder_version=\u00a0\u00bb3.19.13&Prime;][et_pb_text _builder_version=\u00a0\u00bb3.19.15&Prime; text_font=\u00a0\u00bb||||||||\u00a0\u00bb text_font_size=\u00a0\u00bb10px\u00a0\u00bb]<\/p>\n<p style=\"text-align: center;\">Services offerts \u2013 Optimisation Site Web \u2013 OSWSEO \u2013 D\u00e9veloppement Web \u2013 SEO \u2013 Service SEO \u2013 Strat\u00e9gie SEO \u2013 Outils Google \u2013 Suite Google \u2013 Optimisation \u2013 Optimisation structurelle \u2013 R\u00e9seaux sociaux \u2013 Services compl\u00e9mentaires \u2013 R\u00e9pertoire des entreprises \u2013 H\u00e9bergement \u2013 Domaines \u2013 R\u00e9f\u00e9rencement \u2013 Optimisation Web \u2013 Web marketing \u2013 R\u00e9f\u00e9rencement naturel \u2013 R\u00e9f\u00e9rencement Web \u2013 R\u00e9f\u00e9rencement organique \u2013 Analyse SEO \u2013 Montr\u00e9al \u2013 Rive-Sud \u2013 Longueuil \u2013 Rive-Nord \u2013 Qu\u00e9bec \u2013 Qc<\/p>\n<p>[\/et_pb_text][\/et_pb_column][\/et_pb_row][\/et_pb_section]<\/p>\n","protected":false},"excerpt":{"rendered":"<p>Foire aux questions Notre section FAQ, vous permet de trouver plusieurs r\u00e9ponses \u00e0 vos questions. Pour plus de d\u00e9tails ou si vous ne trouvez pas ce que vous cherchez, contactez-nous par courriel ou de vive voix et il nous fera plaisir de vous assister. Virement bancaire; Ch\u00e8que; PayPal; Carte de cr\u00e9dit; Bitcoin. Les types de [&hellip;]<\/p>\n","protected":false},"author":1,"featured_media":0,"parent":0,"menu_order":0,"comment_status":"closed","ping_status":"closed","template":"","meta":{"_acf_changed":false,"_et_pb_use_builder":"on","_et_pb_old_content":"","_et_gb_content_width":"","_eb_attr":"","footnotes":""},"class_list":["post-216","page","type-page","status-publish","hentry"],"acf":[],"_links":{"self":[{"href":"https:\/\/paniercanada.com\/en\/wp-json\/wp\/v2\/pages\/216","targetHints":{"allow":["GET"]}}],"collection":[{"href":"https:\/\/paniercanada.com\/en\/wp-json\/wp\/v2\/pages"}],"about":[{"href":"https:\/\/paniercanada.com\/en\/wp-json\/wp\/v2\/types\/page"}],"author":[{"embeddable":true,"href":"https:\/\/paniercanada.com\/en\/wp-json\/wp\/v2\/users\/1"}],"replies":[{"embeddable":true,"href":"https:\/\/paniercanada.com\/en\/wp-json\/wp\/v2\/comments?post=216"}],"version-history":[{"count":1,"href":"https:\/\/paniercanada.com\/en\/wp-json\/wp\/v2\/pages\/216\/revisions"}],"predecessor-version":[{"id":944,"href":"https:\/\/paniercanada.com\/en\/wp-json\/wp\/v2\/pages\/216\/revisions\/944"}],"wp:attachment":[{"href":"https:\/\/paniercanada.com\/en\/wp-json\/wp\/v2\/media?parent=216"}],"curies":[{"name":"wp","href":"https:\/\/api.w.org\/{rel}","templated":true}]}}