{"id":325,"date":"2019-02-27T03:07:49","date_gmt":"2019-02-27T03:07:49","guid":{"rendered":"https:\/\/paniercanada.com\/?page_id=325"},"modified":"2021-04-03T22:46:05","modified_gmt":"2021-04-04T02:46:05","slug":"plan-du-site","status":"publish","type":"page","link":"https:\/\/paniercanada.com\/en\/plan-du-site\/","title":{"rendered":"Sitemap"},"content":{"rendered":"<p>[et_pb_section fb_built=\u00a0\u00bb1&Prime; custom_padding_last_edited=\u00a0\u00bbon|tablet\u00a0\u00bb admin_label=\u00a0\u00bbHero Section\u00a0\u00bb _builder_version=\u00a0\u00bb3.22&Prime; background_color=\u00a0\u00bb#3644af\u00a0\u00bb use_background_color_gradient=\u00a0\u00bbon\u00a0\u00bb background_color_gradient_start=\u00a0\u00bbrgba(255,255,255,0)\u00a0\u00bb background_color_gradient_end=\u00a0\u00bb#ffffff\u00a0\u00bb background_color_gradient_overlays_image=\u00a0\u00bbon\u00a0\u00bb custom_padding=\u00a0\u00bb100px|0px|167px|0px|false|false\u00a0\u00bb custom_padding_tablet=\u00a0\u00bb|||\u00a0\u00bb custom_padding_phone=\u00a0\u00bb|||\u00a0\u00bb][et_pb_row _builder_version=\u00a0\u00bb3.25&Prime; background_color=\u00a0\u00bbrgba(0,0,0,0.68)\u00a0\u00bb max_width=\u00a0\u00bb80%\u00a0\u00bb custom_padding=\u00a0\u00bb32px|0px|38px|0px|false|false\u00a0\u00bb animation_style=\u00a0\u00bbslide\u00a0\u00bb animation_direction=\u00a0\u00bbbottom\u00a0\u00bb animation_intensity_slide=\u00a0\u00bb10%\u00a0\u00bb use_custom_width=\u00a0\u00bbon\u00a0\u00bb width_unit=\u00a0\u00bboff\u00a0\u00bb][et_pb_column type=\u00a0\u00bb4_4&Prime; _builder_version=\u00a0\u00bb3.25&Prime; custom_padding=\u00a0\u00bb|||\u00a0\u00bb custom_padding__hover=\u00a0\u00bb|||\u00a0\u00bb][et_pb_text admin_label=\u00a0\u00bbTitle and subhead\u00a0\u00bb _builder_version=\u00a0\u00bb3.27.4&Prime; text_font=\u00a0\u00bbUbuntu||||||||\u00a0\u00bb text_text_color=\u00a0\u00bb#ffffff\u00a0\u00bb text_font_size=\u00a0\u00bb16px\u00a0\u00bb text_line_height=\u00a0\u00bb1.8em\u00a0\u00bb header_font=\u00a0\u00bbMontserrat|600|||||||\u00a0\u00bb header_text_color=\u00a0\u00bb#e09900&Prime; header_font_size=\u00a0\u00bb50px\u00a0\u00bb header_line_height=\u00a0\u00bb1.4em\u00a0\u00bb header_2_font=\u00a0\u00bb||||||||\u00a0\u00bb text_orientation=\u00a0\u00bbcenter\u00a0\u00bb max_width=\u00a0\u00bb600px\u00a0\u00bb module_alignment=\u00a0\u00bbcenter\u00a0\u00bb header_font_size_tablet=\u00a0\u00bb\u00a0\u00bb header_font_size_phone=\u00a0\u00bb40px\u00a0\u00bb header_font_size_last_edited=\u00a0\u00bbon|desktop\u00a0\u00bb locked=\u00a0\u00bboff\u00a0\u00bb]<\/p>\n<h1>Plan du site<\/h1>\n<p>[\/et_pb_text][\/et_pb_column][\/et_pb_row][\/et_pb_section][et_pb_section fb_built=\u00a0\u00bb1&Prime; admin_label=\u00a0\u00bbTeams &#038; Positions\u00a0\u00bb _builder_version=\u00a0\u00bb3.22&Prime; background_color=\u00a0\u00bb#ffffff\u00a0\u00bb custom_padding=\u00a0\u00bb0|0px|100px|0px|false|false\u00a0\u00bb][et_pb_row column_structure=\u00a0\u00bb1_3,2_3&Prime; _builder_version=\u00a0\u00bb3.25&Prime; max_width=\u00a0\u00bb1286px\u00a0\u00bb use_custom_width=\u00a0\u00bbon\u00a0\u00bb custom_width_px=\u00a0\u00bb1286px\u00a0\u00bb][et_pb_column type=\u00a0\u00bb1_3&Prime; _builder_version=\u00a0\u00bb3.25&Prime; custom_padding=\u00a0\u00bb|||\u00a0\u00bb custom_padding__hover=\u00a0\u00bb|||\u00a0\u00bb][\/et_pb_column][et_pb_column type=\u00a0\u00bb2_3&Prime; _builder_version=\u00a0\u00bb3.25&Prime; custom_padding=\u00a0\u00bb|||\u00a0\u00bb custom_padding__hover=\u00a0\u00bb|||\u00a0\u00bb][et_pb_text admin_label=\u00a0\u00bbPlan du site\u00a0\u00bb _builder_version=\u00a0\u00bb4.9.3&Prime; hover_enabled=\u00a0\u00bb0&Prime; sticky_enabled=\u00a0\u00bb0&Prime;]<\/p>\n<div class=\"et_pb_column et_pb_column_1_3 et_pb_column_1    et_pb_css_mix_blend_mode_passthrough\">\n<div class=\"et_pb_module et_pb_text et_pb_text_0 et_pb_bg_layout_light  et_pb_text_align_left\">\n<div class=\"et_pb_text_inner\">\n<ul>\n<li><a style=\"color: #f24a29;\" title=\"Accueil\" href=\"https:\/\/paniercanada.com\/\">Accueil<\/a><\/li>\n<li><a style=\"color: #f24a29;\" title=\"\u00c0 propos\" href=\"https:\/\/paniercanada.com\/a-propos\">\u00c0 propos<\/a><\/li>\n<li><a style=\"color: #f24a29;\" title=\"Services offerts\" href=\"https:\/\/paniercanada.com\/services\">Services<\/a>\n<ul>\n<li><a style=\"color: #f24a29;\" title=\"Service SEO\" href=\"https:\/\/paniercanada.com\/seo\">SEO<\/a><\/li>\n<li><a style=\"color: #f24a29;\" title=\"D\u00e9veloppement Web\" href=\"https:\/\/paniercanada.com\/developpement-web\">D\u00e9veloppement Web<\/a><\/li>\n<li><a style=\"color: #f24a29;\" title=\"Suite Google\" href=\"https:\/\/paniercanada.com\/suite-google\">Suite Google<\/a><\/li>\n<li><a style=\"color: #f24a29;\" title=\"Optimisation structurelle\" href=\"https:\/\/paniercanada.com\/optimisation\">Optimisation structurelle<\/a><\/li>\n<li><a style=\"color: #f24a29;\" title=\"R\u00e9seaux sociaux\" href=\"https:\/\/paniercanada.com\/reseaux-sociaux\">R\u00e9seaux sociaux<\/a><\/li>\n<li><a style=\"color: #f24a29;\" title=\"Services compl\u00e9mentaires\" href=\"https:\/\/paniercanada.com\/services-complementaires\">Services compl\u00e9mentaires<\/a><\/li>\n<\/ul>\n<\/li>\n<li><a style=\"color: #f24a29;\" title=\"Portfolio\" href=\"https:\/\/paniercanada.com\/portfolio\/\">Portfolio<\/a><\/li>\n<li><a style=\"color: #f24a29;\" title=\"FAQ\" href=\"https:\/\/paniercanada.com\/faq\">FAQ<\/a><\/li>\n<li><a style=\"color: #f24a29;\" title=\"Outils Web\" href=\"https:\/\/paniercanada.com\/outils-web\">Outils Web<\/a><\/li>\n<li><a style=\"color: #f24a29;\" title=\"Contact\" href=\"https:\/\/paniercanada.com\/contact\">Contact<\/a><\/li>\n<li><a style=\"color: #f24a29;\" title=\"Politique de Confidentialit\u00e9\" href=\"https:\/\/paniercanada.com\/politique-confidentialite\/\">Politique de Confidentialit\u00e9<\/a><\/li>\n<li><a style=\"color: #f24a29;\" title=\"Termes et conditions\" href=\"https:\/\/paniercanada.com\/termes-et-conditions\">Termes et conditions<\/a><\/li>\n<\/ul>\n<\/div>\n<\/div>\n<\/div>\n<p>[\/et_pb_text][\/et_pb_column][\/et_pb_row][\/et_pb_section][et_pb_section fb_built=\u00a0\u00bb1&Prime; _builder_version=\u00a0\u00bb3.22&Prime; custom_padding=\u00a0\u00bb0|0px|0|0px|false|false\u00a0\u00bb][et_pb_row _builder_version=\u00a0\u00bb3.25&Prime;][et_pb_column type=\u00a0\u00bb4_4&Prime; _builder_version=\u00a0\u00bb3.25&Prime; custom_padding=\u00a0\u00bb|||\u00a0\u00bb custom_padding__hover=\u00a0\u00bb|||\u00a0\u00bb][et_pb_text _builder_version=\u00a0\u00bb3.27.4&Prime; text_font=\u00a0\u00bb||||||||\u00a0\u00bb text_font_size=\u00a0\u00bb10px\u00a0\u00bb]<\/p>\n<p style=\"text-align: center;\">Services offerts \u2013 Optimisation Site Web \u2013 OSWSEO \u2013 D\u00e9veloppement Web \u2013 SEO \u2013 Service SEO \u2013 Strat\u00e9gie SEO \u2013 Outils Google \u2013 Suite Google \u2013 Optimisation \u2013 Optimisation structurelle \u2013 R\u00e9seaux sociaux \u2013 Services compl\u00e9mentaires \u2013 R\u00e9pertoire des entreprises \u2013 H\u00e9bergement \u2013 Domaines \u2013 R\u00e9f\u00e9rencement \u2013 Optimisation Web \u2013 Web marketing \u2013 R\u00e9f\u00e9rencement naturel \u2013 R\u00e9f\u00e9rencement Web \u2013 R\u00e9f\u00e9rencement organique \u2013 Analyse SEO \u2013 Montr\u00e9al \u2013 Rive-Sud \u2013 Longueuil \u2013 Rive-Nord \u2013 Qu\u00e9bec \u2013 Qc<\/p>\n<p>[\/et_pb_text][\/et_pb_column][\/et_pb_row][\/et_pb_section]<\/p>\n","protected":false},"excerpt":{"rendered":"<p>Plan du site Accueil \u00c0 propos Services SEO D\u00e9veloppement Web Suite Google Optimisation structurelle R\u00e9seaux sociaux Services compl\u00e9mentaires Portfolio FAQ Outils Web Contact Politique de Confidentialit\u00e9 Termes et conditions Services offerts \u2013 Optimisation Site Web \u2013 OSWSEO \u2013 D\u00e9veloppement Web \u2013 SEO \u2013 Service SEO \u2013 Strat\u00e9gie SEO \u2013 Outils Google \u2013 Suite Google \u2013 [&hellip;]<\/p>\n","protected":false},"author":1,"featured_media":0,"parent":0,"menu_order":0,"comment_status":"closed","ping_status":"closed","template":"","meta":{"_acf_changed":false,"_et_pb_use_builder":"on","_et_pb_old_content":"","_et_gb_content_width":"","_eb_attr":"","footnotes":""},"class_list":["post-325","page","type-page","status-publish","hentry"],"acf":[],"_links":{"self":[{"href":"https:\/\/paniercanada.com\/en\/wp-json\/wp\/v2\/pages\/325","targetHints":{"allow":["GET"]}}],"collection":[{"href":"https:\/\/paniercanada.com\/en\/wp-json\/wp\/v2\/pages"}],"about":[{"href":"https:\/\/paniercanada.com\/en\/wp-json\/wp\/v2\/types\/page"}],"author":[{"embeddable":true,"href":"https:\/\/paniercanada.com\/en\/wp-json\/wp\/v2\/users\/1"}],"replies":[{"embeddable":true,"href":"https:\/\/paniercanada.com\/en\/wp-json\/wp\/v2\/comments?post=325"}],"version-history":[{"count":2,"href":"https:\/\/paniercanada.com\/en\/wp-json\/wp\/v2\/pages\/325\/revisions"}],"predecessor-version":[{"id":960,"href":"https:\/\/paniercanada.com\/en\/wp-json\/wp\/v2\/pages\/325\/revisions\/960"}],"wp:attachment":[{"href":"https:\/\/paniercanada.com\/en\/wp-json\/wp\/v2\/media?parent=325"}],"curies":[{"name":"wp","href":"https:\/\/api.w.org\/{rel}","templated":true}]}}