{"id":347,"date":"2019-09-21T06:52:26","date_gmt":"2019-09-21T10:52:26","guid":{"rendered":"https:\/\/paniercanada.com\/?page_id=347"},"modified":"2021-04-03T22:39:35","modified_gmt":"2021-04-04T02:39:35","slug":"developpement-web","status":"publish","type":"page","link":"https:\/\/paniercanada.com\/en\/services\/developpement-web\/","title":{"rendered":"Web development"},"content":{"rendered":"<p>[et_pb_section fb_built=\u00a0\u00bb1&Prime; custom_padding_last_edited=\u00a0\u00bbon|tablet\u00a0\u00bb admin_label=\u00a0\u00bbHero Section\u00a0\u00bb _builder_version=\u00a0\u00bb3.29.3&Prime; background_color=\u00a0\u00bb#3644af\u00a0\u00bb use_background_color_gradient=\u00a0\u00bbon\u00a0\u00bb background_color_gradient_start=\u00a0\u00bbrgba(255,255,255,0)\u00a0\u00bb background_color_gradient_end=\u00a0\u00bb#ffffff\u00a0\u00bb background_color_gradient_overlays_image=\u00a0\u00bbon\u00a0\u00bb background_image=\u00a0\u00bbhttps:\/\/paniercanada.com\/wp-content\/uploads\/2019\/09\/Optimisation-Site-Web-Web-design.jpg\u00a0\u00bb custom_padding=\u00a0\u00bb100px|0px|100px|0px|false|false\u00a0\u00bb custom_padding_tablet=\u00a0\u00bb|||\u00a0\u00bb custom_padding_phone=\u00a0\u00bb|||\u00a0\u00bb][et_pb_row _builder_version=\u00a0\u00bb3.25&Prime; background_color=\u00a0\u00bbrgba(0,0,0,0.68)\u00a0\u00bb max_width=\u00a0\u00bb80%\u00a0\u00bb custom_padding=\u00a0\u00bb|||\u00a0\u00bb animation_style=\u00a0\u00bbslide\u00a0\u00bb animation_direction=\u00a0\u00bbbottom\u00a0\u00bb animation_intensity_slide=\u00a0\u00bb10%\u00a0\u00bb use_custom_width=\u00a0\u00bbon\u00a0\u00bb width_unit=\u00a0\u00bboff\u00a0\u00bb][et_pb_column type=\u00a0\u00bb4_4&Prime; _builder_version=\u00a0\u00bb3.25&Prime; custom_padding=\u00a0\u00bb|||\u00a0\u00bb custom_padding__hover=\u00a0\u00bb|||\u00a0\u00bb][et_pb_text admin_label=\u00a0\u00bbTitle and subhead\u00a0\u00bb _builder_version=\u00a0\u00bb3.29.3&Prime; text_font=\u00a0\u00bbUbuntu||||||||\u00a0\u00bb text_text_color=\u00a0\u00bb#ffffff\u00a0\u00bb text_font_size=\u00a0\u00bb16px\u00a0\u00bb text_line_height=\u00a0\u00bb1.8em\u00a0\u00bb header_font=\u00a0\u00bbMontserrat|600|||||||\u00a0\u00bb header_text_color=\u00a0\u00bb#e09900&Prime; header_font_size=\u00a0\u00bb46px\u00a0\u00bb header_line_height=\u00a0\u00bb1.4em\u00a0\u00bb header_2_font=\u00a0\u00bb||||||||\u00a0\u00bb text_orientation=\u00a0\u00bbcenter\u00a0\u00bb max_width=\u00a0\u00bb600px\u00a0\u00bb module_alignment=\u00a0\u00bbcenter\u00a0\u00bb header_font_size_tablet=\u00a0\u00bb\u00a0\u00bb header_font_size_phone=\u00a0\u00bb40px\u00a0\u00bb header_font_size_last_edited=\u00a0\u00bbon|desktop\u00a0\u00bb locked=\u00a0\u00bboff\u00a0\u00bb]<\/p>\n<h1>D\u00c9VELOPPEMENT WEB<\/h1>\n<p>\nNous offrons un service cl\u00e9 en mains pour vos besoin de d\u00e9veloppement Web afin de vous permettre de mieux g\u00e9rer la profitabilit\u00e9 de votre entreprise.<\/p>\n<p>Contactez-nous pour une \u00e9valuation !<\/p>\n<p>[\/et_pb_text][\/et_pb_column][\/et_pb_row][et_pb_row _builder_version=\u00a0\u00bb3.29.3&Prime; custom_margin=\u00a0\u00bb|auto|-30px|auto||\u00a0\u00bb][et_pb_column type=\u00a0\u00bb4_4&Prime; _builder_version=\u00a0\u00bb3.29.3&Prime;][et_pb_text _builder_version=\u00a0\u00bb4.7.7&Prime; text_text_color=\u00a0\u00bb#ffffff\u00a0\u00bb header_2_font=\u00a0\u00bb|700|||||||\u00a0\u00bb header_2_text_align=\u00a0\u00bbcenter\u00a0\u00bb header_2_text_color=\u00a0\u00bb#ffffff\u00a0\u00bb header_4_text_align=\u00a0\u00bbcenter\u00a0\u00bb header_4_text_color=\u00a0\u00bb#ffffff\u00a0\u00bb use_background_color_gradient=\u00a0\u00bbon\u00a0\u00bb background_color_gradient_start=\u00a0\u00bbrgba(224,43,32,0.71)\u00a0\u00bb background_color_gradient_end=\u00a0\u00bb#000000&Prime; custom_padding=\u00a0\u00bb40px|40px|40px|40px|false|false\u00a0\u00bb animation_style=\u00a0\u00bbroll\u00a0\u00bb hover_enabled=\u00a0\u00bb0&Prime; border_radii=\u00a0\u00bbon|5px|5px|5px|5px\u00a0\u00bb sticky_enabled=\u00a0\u00bb0&Prime;]<\/p>\n<h2>Nouveau Service offert !<\/h2>\n<h4><\/h4>\n<h4>Depuis un certain temps, Optimisation Site Web a d\u00e9velopp\u00e9 une nouvelle plateforme pour ses clients qui ont un besoin sp\u00e9cifique.<\/h4>\n<h4>ReservXpert&#8230; LA solution pour un Syst\u00e8me de R\u00e9servations en ligne !<\/h4>\n<p>&nbsp;<\/p>\n<h4><a href=\"\/contact\/\" title=\"Contactez-nous\">Contactez-nous<\/a>!<\/p>\n<p>Il nous fera plaisir d&rsquo;en discuter avec vous.<\/h4>\n<p>[\/et_pb_text][\/et_pb_column][\/et_pb_row][\/et_pb_section][et_pb_section fb_built=\u00a0\u00bb1&Prime; admin_label=\u00a0\u00bbTeams &#038; Positions\u00a0\u00bb _builder_version=\u00a0\u00bb3.22&Prime; background_color=\u00a0\u00bb#ffffff\u00a0\u00bb custom_padding=\u00a0\u00bb0|0px|100px|0px|false|false\u00a0\u00bb][et_pb_row column_structure=\u00a0\u00bb1_2,1_2&Prime; use_custom_gutter=\u00a0\u00bbon\u00a0\u00bb gutter_width=\u00a0\u00bb2&Prime; admin_label=\u00a0\u00bbCareers\u00a0\u00bb _builder_version=\u00a0\u00bb3.25&Prime; max_width=\u00a0\u00bb80%\u00a0\u00bb custom_padding=\u00a0\u00bb1px|0px|27px|0px|false|false\u00a0\u00bb use_custom_width=\u00a0\u00bbon\u00a0\u00bb width_unit=\u00a0\u00bboff\u00a0\u00bb][et_pb_column type=\u00a0\u00bb1_2&Prime; _builder_version=\u00a0\u00bb3.25&Prime; custom_padding=\u00a0\u00bb|||\u00a0\u00bb custom_padding__hover=\u00a0\u00bb|||\u00a0\u00bb][et_pb_blurb title=\u00a0\u00bbDirection de projet Web\u00a0\u00bb use_icon=\u00a0\u00bbon\u00a0\u00bb font_icon=\u00a0\u00bb%%165%%\u00a0\u00bb icon_color=\u00a0\u00bb#ffffff\u00a0\u00bb admin_label=\u00a0\u00bbCareers\u00a0\u00bb _builder_version=\u00a0\u00bb3.29.3&Prime; header_level=\u00a0\u00bbh2&Prime; header_font=\u00a0\u00bbMontserrat|600|||||||\u00a0\u00bb header_text_align=\u00a0\u00bbcenter\u00a0\u00bb header_font_size=\u00a0\u00bb21px\u00a0\u00bb header_line_height=\u00a0\u00bb1.7em\u00a0\u00bb body_font=\u00a0\u00bbUbuntu||||||||\u00a0\u00bb body_text_align=\u00a0\u00bbcenter\u00a0\u00bb body_text_color=\u00a0\u00bb#ffffff\u00a0\u00bb body_font_size=\u00a0\u00bb16px\u00a0\u00bb background_color=\u00a0\u00bb#1fb6ea\u00a0\u00bb use_background_color_gradient=\u00a0\u00bbon\u00a0\u00bb background_color_gradient_start=\u00a0\u00bb#e09900&Prime; background_color_gradient_end=\u00a0\u00bb#000000&Prime; background_color_gradient_overlays_image=\u00a0\u00bbon\u00a0\u00bb background_image=\u00a0\u00bbhttps:\/\/paniercanada.com\/wp-content\/uploads\/2019\/02\/web-design-bg-texture_03.jpg\u00a0\u00bb background_blend=\u00a0\u00bboverlay\u00a0\u00bb background_layout=\u00a0\u00bbdark\u00a0\u00bb custom_margin=\u00a0\u00bb30px||30px|\u00a0\u00bb custom_padding=\u00a0\u00bb35px||35px||true\u00a0\u00bb animation_style=\u00a0\u00bbflip\u00a0\u00bb animation_direction=\u00a0\u00bbleft\u00a0\u00bb animation_intensity_flip=\u00a0\u00bb100%\u00a0\u00bb header_text_shadow_style=\u00a0\u00bbpreset1&Prime; border_radii=\u00a0\u00bbon|5px|5px|5px|5px\u00a0\u00bb]<\/p>\n<p>En tant que sp\u00e9cialiste SEO, nous comprenons tr\u00e8s bien les enjeux qui affectent la visibilit\u00e9 d\u2019une entreprise virtuelle sur le Web.<\/p>\n<p>Notre rigueur, m\u00e9thodologie et \u00e9tique de travail nous permet de mener \u00e0 bien tous types de projets du d\u00e9but jusqu\u2019\u00e0 la fin. Notre service cl\u00e9 en main vous permet de concentrer votre \u00e9nergie sur les autres aspects de votre entreprise.<\/p>\n<p>Nous offrons \u00e9galement des services \u00e0 la carte.<\/p>\n<p>[\/et_pb_blurb][et_pb_blurb title=\u00a0\u00bbDesign Web et Graphisme\u00a0\u00bb use_icon=\u00a0\u00bbon\u00a0\u00bb font_icon=\u00a0\u00bb%%159%%\u00a0\u00bb icon_color=\u00a0\u00bb#ffffff\u00a0\u00bb admin_label=\u00a0\u00bbService\u00a0\u00bb _builder_version=\u00a0\u00bb3.29.3&Prime; header_level=\u00a0\u00bbh2&Prime; header_font=\u00a0\u00bbMontserrat|600|||||||\u00a0\u00bb header_text_align=\u00a0\u00bbcenter\u00a0\u00bb header_font_size=\u00a0\u00bb21px\u00a0\u00bb header_line_height=\u00a0\u00bb1.7em\u00a0\u00bb body_font=\u00a0\u00bbUbuntu||||||||\u00a0\u00bb body_text_align=\u00a0\u00bbcenter\u00a0\u00bb body_text_color=\u00a0\u00bb#ffffff\u00a0\u00bb body_font_size=\u00a0\u00bb16px\u00a0\u00bb background_color=\u00a0\u00bb#1fb6ea\u00a0\u00bb use_background_color_gradient=\u00a0\u00bbon\u00a0\u00bb background_color_gradient_start=\u00a0\u00bbrgba(237,240,0,0.45)\u00a0\u00bb background_color_gradient_end=\u00a0\u00bb#000000&Prime; background_color_gradient_overlays_image=\u00a0\u00bbon\u00a0\u00bb background_image=\u00a0\u00bbhttps:\/\/paniercanada.com\/wp-content\/uploads\/2019\/02\/web-design-bg-texture_02.jpg\u00a0\u00bb background_layout=\u00a0\u00bbdark\u00a0\u00bb custom_margin=\u00a0\u00bb30px||30px|\u00a0\u00bb custom_padding=\u00a0\u00bb35px||35px||true\u00a0\u00bb animation_style=\u00a0\u00bbflip\u00a0\u00bb animation_direction=\u00a0\u00bbleft\u00a0\u00bb animation_delay=\u00a0\u00bb1300ms\u00a0\u00bb animation_intensity_flip=\u00a0\u00bb100%\u00a0\u00bb header_text_shadow_style=\u00a0\u00bbpreset1&Prime; border_radii=\u00a0\u00bbon|5px|5px|5px|5px\u00a0\u00bb]<\/p>\n<p>Nous savons tous qu\u2019une image vaut mille mots\u2026 Encore faut-il s\u2019assurer que le look invitant du site utilise une structure qui facilite la navigation des internautes afin de rendre l\u2019exp\u00e9rience de leur visite virtuelle agr\u00e9able.<\/p>\n<p>Nous concevons et d\u00e9veloppons des sites qui permettent d\u2019am\u00e9liorer la pr\u00e9sence Web des entreprises sur les moteurs de recherche tout en respectant leur image, philosophie et budget pour une rentabilit\u00e9 et profitabilit\u00e9 accrue.<\/p>\n<p>[\/et_pb_blurb][\/et_pb_column][et_pb_column type=\u00a0\u00bb1_2&Prime; _builder_version=\u00a0\u00bb3.25&Prime; custom_padding=\u00a0\u00bb|||\u00a0\u00bb custom_padding__hover=\u00a0\u00bb|||\u00a0\u00bb][et_pb_blurb title=\u00a0\u00bbCr\u00e9ation et d\u00e9veloppement Web\u00a0\u00bb use_icon=\u00a0\u00bbon\u00a0\u00bb font_icon=\u00a0\u00bb%%173%%\u00a0\u00bb icon_color=\u00a0\u00bb#ffffff\u00a0\u00bb admin_label=\u00a0\u00bbCareers\u00a0\u00bb _builder_version=\u00a0\u00bb3.29.3&Prime; header_level=\u00a0\u00bbh2&Prime; header_font=\u00a0\u00bbMontserrat|600|||||||\u00a0\u00bb header_text_align=\u00a0\u00bbcenter\u00a0\u00bb header_font_size=\u00a0\u00bb21px\u00a0\u00bb header_line_height=\u00a0\u00bb1.7em\u00a0\u00bb body_font=\u00a0\u00bbUbuntu||||||||\u00a0\u00bb body_text_align=\u00a0\u00bbcenter\u00a0\u00bb body_text_color=\u00a0\u00bb#ffffff\u00a0\u00bb body_font_size=\u00a0\u00bb16px\u00a0\u00bb background_color=\u00a0\u00bb#1fb6ea\u00a0\u00bb use_background_color_gradient=\u00a0\u00bbon\u00a0\u00bb background_color_gradient_start=\u00a0\u00bbrgba(124,218,36,0.5)\u00a0\u00bb background_color_gradient_end=\u00a0\u00bb#000000&Prime; background_color_gradient_overlays_image=\u00a0\u00bbon\u00a0\u00bb background_image=\u00a0\u00bbhttps:\/\/paniercanada.com\/wp-content\/uploads\/2019\/02\/web-design-bg-texture_02.jpg\u00a0\u00bb background_layout=\u00a0\u00bbdark\u00a0\u00bb custom_margin=\u00a0\u00bb30px||30px|\u00a0\u00bb custom_padding=\u00a0\u00bb35px|10px|35px|10px|true\u00a0\u00bb animation_style=\u00a0\u00bbflip\u00a0\u00bb animation_direction=\u00a0\u00bbleft\u00a0\u00bb animation_delay=\u00a0\u00bb500ms\u00a0\u00bb animation_intensity_flip=\u00a0\u00bb100%\u00a0\u00bb header_text_shadow_style=\u00a0\u00bbpreset1&Prime; border_radii=\u00a0\u00bbon|5px|5px|5px|5px\u00a0\u00bb]<\/p>\n<p>Nous sommes en mesure de vous offrir tout ce dont votre entreprise virtuelle a besoin pour une visibilit\u00e9 et croissance profitable et durable.<\/p>\n<p>Site Web, Page Web, Boutique et Syst\u00e8mes de R\u00e9servations en ligne, Services Google, R\u00e9seaux sociaux, Service d\u2019envoi massif, Programmation, R\u00e9daction et traduction de texte et bien plus encore.<\/p>\n<p>Le tout \u00e0 un prix comp\u00e9titif, selon votre budget et \u00e0 la hauteur de vos attentes.<\/p>\n<p>[\/et_pb_blurb][et_pb_blurb title=\u00a0\u00bbCMS convivial\u00a0\u00bb use_icon=\u00a0\u00bbon\u00a0\u00bb font_icon=\u00a0\u00bb%%158%%\u00a0\u00bb icon_color=\u00a0\u00bb#ffffff\u00a0\u00bb admin_label=\u00a0\u00bbCareers\u00a0\u00bb _builder_version=\u00a0\u00bb3.29.3&Prime; header_level=\u00a0\u00bbh2&Prime; header_font=\u00a0\u00bbMontserrat|600|||||||\u00a0\u00bb header_text_align=\u00a0\u00bbcenter\u00a0\u00bb header_font_size=\u00a0\u00bb21px\u00a0\u00bb header_line_height=\u00a0\u00bb1.7em\u00a0\u00bb body_font=\u00a0\u00bbUbuntu||||||||\u00a0\u00bb body_text_align=\u00a0\u00bbcenter\u00a0\u00bb body_text_color=\u00a0\u00bb#ffffff\u00a0\u00bb body_font_size=\u00a0\u00bb16px\u00a0\u00bb background_color=\u00a0\u00bb#1fb6ea\u00a0\u00bb use_background_color_gradient=\u00a0\u00bbon\u00a0\u00bb background_color_gradient_start=\u00a0\u00bbrgba(12,113,195,0.5)\u00a0\u00bb background_color_gradient_end=\u00a0\u00bb#000000&Prime; background_color_gradient_overlays_image=\u00a0\u00bbon\u00a0\u00bb background_image=\u00a0\u00bbhttps:\/\/paniercanada.com\/wp-content\/uploads\/2019\/02\/web-design-bg-texture_01.jpg\u00a0\u00bb background_layout=\u00a0\u00bbdark\u00a0\u00bb custom_margin=\u00a0\u00bb30px||30px|\u00a0\u00bb custom_padding=\u00a0\u00bb35px||35px||true\u00a0\u00bb animation_style=\u00a0\u00bbflip\u00a0\u00bb animation_direction=\u00a0\u00bbleft\u00a0\u00bb animation_delay=\u00a0\u00bb250ms\u00a0\u00bb animation_intensity_flip=\u00a0\u00bb100%\u00a0\u00bb header_text_shadow_style=\u00a0\u00bbpreset1&Prime; border_radii=\u00a0\u00bbon|5px|5px|5px|5px\u00a0\u00bb]<\/p>\n<p>Chez Optimisation Site Web, nous travaillons avec la plate-forme qui convient le mieux pour chaque type de projet.<\/p>\n<p>Nos outils sont flexibles, conviviales et suivent les tendances du march\u00e9 tout en facilitant la navigation des robots sur la structure web. Ceci permet d\u2019am\u00e9liorer l\u2019indexation et le positionnement de votre site sur les moteurs de recherche.<\/p>\n<p>Une meilleur visibilit\u00e9 donne une chance d&rsquo;augmenter sa profitabilit\u00e9 !<\/p>\n<p>[\/et_pb_blurb][\/et_pb_column][\/et_pb_row][\/et_pb_section][et_pb_section fb_built=\u00a0\u00bb1&Prime; fullwidth=\u00a0\u00bbon\u00a0\u00bb _builder_version=\u00a0\u00bb3.22&Prime;][et_pb_fullwidth_slider _builder_version=\u00a0\u00bb3.29.3&Prime; header_font=\u00a0\u00bb||||||||\u00a0\u00bb][et_pb_slide heading=\u00a0\u00bbFORFAITS SITES WEB\u00a0\u00bb button_text=\u00a0\u00bbPlus de d\u00e9tails\u00a0\u00bb use_bg_overlay=\u00a0\u00bbon\u00a0\u00bb use_text_overlay=\u00a0\u00bbon\u00a0\u00bb _builder_version=\u00a0\u00bb3.29.3&Prime; header_font=\u00a0\u00bb||||||||\u00a0\u00bb background_image=\u00a0\u00bbhttps:\/\/paniercanada.com\/wp-content\/uploads\/2019\/02\/Optimisation-Site-Web-Forfaits.jpg\u00a0\u00bb sticky_transition=\u00a0\u00bbon\u00a0\u00bb]<\/p>\n<p>Les forfaits que nous vous pr\u00e9sentons pour la conception compl\u00e8te d\u2019un projet Web offrent des r\u00e9ductions selon tous ce qui doit \u00eatre mis en place.<\/p>\n<p><a style=\"color: #f24a29;\" title=\"Contactez-nous\" href=\"https:\/\/paniercanada.com\/?page_id=48\">Contactez-nous<\/a> pour une \u00e9valuation des co\u00fbts<\/p>\n<p>[\/et_pb_slide][\/et_pb_fullwidth_slider][\/et_pb_section][et_pb_section fb_built=\u00a0\u00bb1&Prime; _builder_version=\u00a0\u00bb3.29.3&Prime;][et_pb_row column_structure=\u00a0\u00bb1_3,1_3,1_3&Prime; _builder_version=\u00a0\u00bb3.29.3&Prime;][et_pb_column type=\u00a0\u00bb1_3&Prime; _builder_version=\u00a0\u00bb3.29.3&Prime;][et_pb_blurb title=\u00a0\u00bbService cl\u00e9 en main\u00a0\u00bb use_icon=\u00a0\u00bbon\u00a0\u00bb font_icon=\u00a0\u00bb%%86%%\u00a0\u00bb icon_color=\u00a0\u00bb#ffffff\u00a0\u00bb admin_label=\u00a0\u00bbCareers\u00a0\u00bb _builder_version=\u00a0\u00bb3.29.3&Prime; header_level=\u00a0\u00bbh2&Prime; header_font=\u00a0\u00bbMontserrat|600|||||||\u00a0\u00bb header_text_align=\u00a0\u00bbcenter\u00a0\u00bb header_font_size=\u00a0\u00bb21px\u00a0\u00bb header_line_height=\u00a0\u00bb1.7em\u00a0\u00bb body_font=\u00a0\u00bbUbuntu||||||||\u00a0\u00bb body_text_align=\u00a0\u00bbcenter\u00a0\u00bb body_text_color=\u00a0\u00bb#ffffff\u00a0\u00bb body_font_size=\u00a0\u00bb16px\u00a0\u00bb background_color=\u00a0\u00bb#1fb6ea\u00a0\u00bb use_background_color_gradient=\u00a0\u00bbon\u00a0\u00bb background_color_gradient_start=\u00a0\u00bbrgba(131,0,233,0.38)\u00a0\u00bb background_color_gradient_end=\u00a0\u00bb#000000&Prime; background_color_gradient_overlays_image=\u00a0\u00bbon\u00a0\u00bb background_image=\u00a0\u00bbhttps:\/\/paniercanada.com\/wp-content\/uploads\/2019\/02\/web-design-bg-texture_01.jpg\u00a0\u00bb background_layout=\u00a0\u00bbdark\u00a0\u00bb custom_margin=\u00a0\u00bb30px||30px|\u00a0\u00bb custom_padding=\u00a0\u00bb35px|10px|35px|10px|true\u00a0\u00bb animation_style=\u00a0\u00bbflip\u00a0\u00bb animation_direction=\u00a0\u00bbleft\u00a0\u00bb animation_delay=\u00a0\u00bb1000ms\u00a0\u00bb animation_intensity_flip=\u00a0\u00bb100%\u00a0\u00bb header_text_shadow_style=\u00a0\u00bbpreset1&Prime; border_radii=\u00a0\u00bbon|5px|5px|5px|5px\u00a0\u00bb]Le forfait comprend la prise en charge de la direction de projet, de la mise en place des outils et services pour une visibilit\u00e9 accrue sur les moteurs de recherche et une profitabilit\u00e9 maximale en respectant vos besoins, votre budget et vos exigences.<\/p>\n<p>Contactez-nous.<\/p>\n<p>Il nous fera plaisir de bien vous servir.[\/et_pb_blurb][\/et_pb_column][et_pb_column type=\u00a0\u00bb1_3&Prime; _builder_version=\u00a0\u00bb3.29.3&Prime;][et_pb_blurb title=\u00a0\u00bbBoutique en ligne\u00a0\u00bb use_icon=\u00a0\u00bbon\u00a0\u00bb font_icon=\u00a0\u00bb%%176%%\u00a0\u00bb icon_color=\u00a0\u00bb#ffffff\u00a0\u00bb admin_label=\u00a0\u00bbCareers\u00a0\u00bb _builder_version=\u00a0\u00bb3.29.3&Prime; header_level=\u00a0\u00bbh2&Prime; header_font=\u00a0\u00bbMontserrat|600|||||||\u00a0\u00bb header_text_align=\u00a0\u00bbcenter\u00a0\u00bb header_font_size=\u00a0\u00bb21px\u00a0\u00bb header_line_height=\u00a0\u00bb1.7em\u00a0\u00bb body_font=\u00a0\u00bbUbuntu||||||||\u00a0\u00bb body_text_align=\u00a0\u00bbcenter\u00a0\u00bb body_text_color=\u00a0\u00bb#ffffff\u00a0\u00bb body_font_size=\u00a0\u00bb16px\u00a0\u00bb background_color=\u00a0\u00bb#1fb6ea\u00a0\u00bb use_background_color_gradient=\u00a0\u00bbon\u00a0\u00bb background_color_gradient_start=\u00a0\u00bbrgba(224,43,32,0.5)\u00a0\u00bb background_color_gradient_end=\u00a0\u00bb#000000&Prime; background_color_gradient_overlays_image=\u00a0\u00bbon\u00a0\u00bb background_image=\u00a0\u00bbhttps:\/\/paniercanada.com\/wp-content\/uploads\/2019\/02\/web-design-bg-texture_03.jpg\u00a0\u00bb background_layout=\u00a0\u00bbdark\u00a0\u00bb custom_margin=\u00a0\u00bb30px||30px|\u00a0\u00bb custom_padding=\u00a0\u00bb35px|10px|35px|10px|true\u00a0\u00bb animation_style=\u00a0\u00bbflip\u00a0\u00bb animation_direction=\u00a0\u00bbleft\u00a0\u00bb animation_delay=\u00a0\u00bb750ms\u00a0\u00bb animation_intensity_flip=\u00a0\u00bb100%\u00a0\u00bb header_text_shadow_style=\u00a0\u00bbpreset1&Prime; border_radii=\u00a0\u00bbon|5px|5px|5px|5px\u00a0\u00bb]<\/p>\n<p style=\"text-align: center;\">Avec paiements s\u00e9curis\u00e9s<\/p>\n<p style=\"text-align: center;\">Les forfaits que nous pr\u00e9sentons sont en fonction du type de boutique dont vous avez besoin ainsi que de la quantit\u00e9 de produits et\/ou de services que vous offrez.<\/p>\n<p>Votre boutique est personnalis\u00e9e tout en respectant et repr\u00e9sentant la philosophie de votre entreprise.<\/p>\n<p>[\/et_pb_blurb][\/et_pb_column][et_pb_column type=\u00a0\u00bb1_3&Prime; _builder_version=\u00a0\u00bb3.29.3&Prime;][et_pb_blurb title=\u00a0\u00bbPersonnalis\u00e9\u00a0\u00bb use_icon=\u00a0\u00bbon\u00a0\u00bb font_icon=\u00a0\u00bb%%165%%\u00a0\u00bb icon_color=\u00a0\u00bb#ffffff\u00a0\u00bb admin_label=\u00a0\u00bbCareers\u00a0\u00bb _builder_version=\u00a0\u00bb3.29.3&Prime; header_level=\u00a0\u00bbh2&Prime; header_font=\u00a0\u00bbMontserrat|600|||||||\u00a0\u00bb header_text_align=\u00a0\u00bbcenter\u00a0\u00bb header_font_size=\u00a0\u00bb21px\u00a0\u00bb header_line_height=\u00a0\u00bb1.7em\u00a0\u00bb body_font=\u00a0\u00bbUbuntu||||||||\u00a0\u00bb body_text_align=\u00a0\u00bbcenter\u00a0\u00bb body_text_color=\u00a0\u00bb#ffffff\u00a0\u00bb body_font_size=\u00a0\u00bb16px\u00a0\u00bb background_color=\u00a0\u00bb#1fb6ea\u00a0\u00bb use_background_color_gradient=\u00a0\u00bbon\u00a0\u00bb background_color_gradient_start=\u00a0\u00bb#e09900&Prime; background_color_gradient_end=\u00a0\u00bb#000000&Prime; background_color_gradient_overlays_image=\u00a0\u00bbon\u00a0\u00bb background_image=\u00a0\u00bbhttps:\/\/paniercanada.com\/wp-content\/uploads\/2019\/02\/web-design-bg-texture_03.jpg\u00a0\u00bb background_blend=\u00a0\u00bboverlay\u00a0\u00bb background_layout=\u00a0\u00bbdark\u00a0\u00bb custom_margin=\u00a0\u00bb30px||30px|\u00a0\u00bb custom_padding=\u00a0\u00bb35px||35px||true\u00a0\u00bb animation_style=\u00a0\u00bbflip\u00a0\u00bb animation_direction=\u00a0\u00bbleft\u00a0\u00bb animation_intensity_flip=\u00a0\u00bb100%\u00a0\u00bb header_text_shadow_style=\u00a0\u00bbpreset1&Prime; border_radii=\u00a0\u00bbon|5px|5px|5px|5px\u00a0\u00bb]<\/p>\n<p>\u00c0 la carte<\/p>\n<p>Ces forfaits sont \u00e9tablis selon les besoins du client afin d\u2019am\u00e9liorer ou de compl\u00e9menter un site ou une boutique d\u00e9j\u00e0 en place.<\/p>\n<p>Faites-nous part de vos projets.<br \/>\nIl nous fera plaisir de cr\u00e9er un forfait sur mesure pour combler les lacunes de votre entreprise virtuelle.<\/p>\n<p>[\/et_pb_blurb][\/et_pb_column][\/et_pb_row][\/et_pb_section][et_pb_section fb_built=\u00a0\u00bb1&Prime; _builder_version=\u00a0\u00bb3.22&Prime; custom_padding=\u00a0\u00bb0|0px|0|0px|false|false\u00a0\u00bb][et_pb_row _builder_version=\u00a0\u00bb3.25&Prime;][et_pb_column type=\u00a0\u00bb4_4&Prime; _builder_version=\u00a0\u00bb3.25&Prime; custom_padding=\u00a0\u00bb|||\u00a0\u00bb custom_padding__hover=\u00a0\u00bb|||\u00a0\u00bb][et_pb_text _builder_version=\u00a0\u00bb3.29.3&Prime; text_font=\u00a0\u00bb||||||||\u00a0\u00bb text_font_size=\u00a0\u00bb10px\u00a0\u00bb]<\/p>\n<p style=\"text-align: center;\">D\u00e9veloppement Web \u2013 Forfaits SEO \u2013 Optimisation Site Web \u2013 Direction de projet Web \u2013 CMS convivial \u2013 Design Web et Graphisme \u2013 Cr\u00e9ation Web \u2013 Sites Web \u2013 Pages Web \u2013 Site Mobile \u2013 Boutique en ligne \u2013 Bottin des entreprises \u2013 Service cl\u00e9 en main \u2013 Service de graphisme \u2013 Services Google \u2013 SEO \u2013 R\u00e9f\u00e9rencement \u2013 R\u00e9f\u00e9rencement naturel \u2013 Optimisation Web \u2013 Services compl\u00e9mentaires \u2013 Sp\u00e9cialiste SEO \u2013 R\u00e9f\u00e9rencement naturel \u2013 Gestion de Projets \u2013 Forfaits r\u00e9f\u00e9rencement \u2013 Sites Web \u2013 Boutique en ligne \u2013 Forfait personnalis\u00e9 \u2013 Forfait \u00e0 la carte \u2013 Montr\u00e9al \u2013 Rive-Sud \u2013 Rive-Nord \u2013 Qu\u00e9bec \u2013 Qc<\/p>\n<p>[\/et_pb_text][\/et_pb_column][\/et_pb_row][\/et_pb_section]<\/p>\n","protected":false},"excerpt":{"rendered":"<p>D\u00c9VELOPPEMENT WEB Nous offrons un service cl\u00e9 en mains pour vos besoin de d\u00e9veloppement Web afin de vous permettre de mieux g\u00e9rer la profitabilit\u00e9 de votre entreprise. Contactez-nous pour une \u00e9valuation !Nouveau Service offert ! Depuis un certain temps, Optimisation Site Web a d\u00e9velopp\u00e9 une nouvelle plateforme pour ses clients qui ont un besoin sp\u00e9cifique. [&hellip;]<\/p>\n","protected":false},"author":1,"featured_media":0,"parent":49,"menu_order":0,"comment_status":"closed","ping_status":"closed","template":"","meta":{"_acf_changed":false,"_et_pb_use_builder":"on","_et_pb_old_content":"","_et_gb_content_width":"","_eb_attr":"","footnotes":""},"class_list":["post-347","page","type-page","status-publish","hentry"],"acf":[],"_links":{"self":[{"href":"https:\/\/paniercanada.com\/en\/wp-json\/wp\/v2\/pages\/347","targetHints":{"allow":["GET"]}}],"collection":[{"href":"https:\/\/paniercanada.com\/en\/wp-json\/wp\/v2\/pages"}],"about":[{"href":"https:\/\/paniercanada.com\/en\/wp-json\/wp\/v2\/types\/page"}],"author":[{"embeddable":true,"href":"https:\/\/paniercanada.com\/en\/wp-json\/wp\/v2\/users\/1"}],"replies":[{"embeddable":true,"href":"https:\/\/paniercanada.com\/en\/wp-json\/wp\/v2\/comments?post=347"}],"version-history":[{"count":1,"href":"https:\/\/paniercanada.com\/en\/wp-json\/wp\/v2\/pages\/347\/revisions"}],"predecessor-version":[{"id":915,"href":"https:\/\/paniercanada.com\/en\/wp-json\/wp\/v2\/pages\/347\/revisions\/915"}],"up":[{"embeddable":true,"href":"https:\/\/paniercanada.com\/en\/wp-json\/wp\/v2\/pages\/49"}],"wp:attachment":[{"href":"https:\/\/paniercanada.com\/en\/wp-json\/wp\/v2\/media?parent=347"}],"curies":[{"name":"wp","href":"https:\/\/api.w.org\/{rel}","templated":true}]}}