{"id":377,"date":"2019-09-25T05:07:10","date_gmt":"2019-09-25T09:07:10","guid":{"rendered":"https:\/\/paniercanada.com\/?page_id=377"},"modified":"2021-04-03T22:40:09","modified_gmt":"2021-04-04T02:40:09","slug":"optimisation-structurelle","status":"publish","type":"page","link":"https:\/\/paniercanada.com\/en\/services\/optimisation-structurelle\/","title":{"rendered":"Structural optimization"},"content":{"rendered":"<p>[et_pb_section fb_built=\u00a0\u00bb1&Prime; custom_padding_last_edited=\u00a0\u00bbon|tablet\u00a0\u00bb admin_label=\u00a0\u00bbHero Section\u00a0\u00bb _builder_version=\u00a0\u00bb3.29.3&Prime; background_color=\u00a0\u00bb#3644af\u00a0\u00bb use_background_color_gradient=\u00a0\u00bbon\u00a0\u00bb background_color_gradient_start=\u00a0\u00bbrgba(255,255,255,0)\u00a0\u00bb background_color_gradient_end=\u00a0\u00bb#ffffff\u00a0\u00bb background_color_gradient_overlays_image=\u00a0\u00bbon\u00a0\u00bb background_image=\u00a0\u00bbhttps:\/\/paniercanada.com\/wp-content\/uploads\/2019\/09\/Optimisation-Site-Web-Optimisation-Structurelle.jpg\u00a0\u00bb custom_padding=\u00a0\u00bb100px|0px|167px|0px|false|false\u00a0\u00bb custom_padding_tablet=\u00a0\u00bb|||\u00a0\u00bb custom_padding_phone=\u00a0\u00bb|||\u00a0\u00bb fb_built=\u00a0\u00bb1&Prime; _i=\u00a0\u00bb0&Prime; _address=\u00a0\u00bb0&Prime;][et_pb_row _builder_version=\u00a0\u00bb3.25&Prime; background_color=\u00a0\u00bbrgba(0,0,0,0.68)\u00a0\u00bb max_width=\u00a0\u00bb80%\u00a0\u00bb custom_padding=\u00a0\u00bb|||\u00a0\u00bb animation_style=\u00a0\u00bbslide\u00a0\u00bb animation_direction=\u00a0\u00bbbottom\u00a0\u00bb animation_intensity_slide=\u00a0\u00bb10%\u00a0\u00bb use_custom_width=\u00a0\u00bbon\u00a0\u00bb width_unit=\u00a0\u00bboff\u00a0\u00bb _i=\u00a0\u00bb0&Prime; _address=\u00a0\u00bb0.0&Prime;][et_pb_column type=\u00a0\u00bb4_4&Prime; _builder_version=\u00a0\u00bb3.25&Prime; custom_padding=\u00a0\u00bb|||\u00a0\u00bb _i=\u00a0\u00bb0&Prime; _address=\u00a0\u00bb0.0.0&Prime; custom_padding__hover=\u00a0\u00bb|||\u00a0\u00bb][et_pb_text admin_label=\u00a0\u00bbTitle and subhead\u00a0\u00bb _builder_version=\u00a0\u00bb3.29.3&Prime; text_font=\u00a0\u00bbUbuntu||||||||\u00a0\u00bb text_text_color=\u00a0\u00bb#ffffff\u00a0\u00bb text_font_size=\u00a0\u00bb16px\u00a0\u00bb text_line_height=\u00a0\u00bb1.8em\u00a0\u00bb header_font=\u00a0\u00bbMontserrat|600|||||||\u00a0\u00bb header_text_color=\u00a0\u00bb#e09900&Prime; header_font_size=\u00a0\u00bb46px\u00a0\u00bb header_line_height=\u00a0\u00bb1.4em\u00a0\u00bb header_2_font=\u00a0\u00bb||||||||\u00a0\u00bb text_orientation=\u00a0\u00bbcenter\u00a0\u00bb max_width=\u00a0\u00bb600px\u00a0\u00bb module_alignment=\u00a0\u00bbcenter\u00a0\u00bb hover_enabled=\u00a0\u00bb0&Prime; header_font_size_phone=\u00a0\u00bb40px\u00a0\u00bb header_font_size_last_edited=\u00a0\u00bbon|desktop\u00a0\u00bb locked=\u00a0\u00bboff\u00a0\u00bb _i=\u00a0\u00bb0&Prime; _address=\u00a0\u00bb0.0.0.0&Prime;]<\/p>\n<h1>OPTIMISATION STRUCTURELLE<\/h1>\n<p>\nEn effectuant une optimisation structurelle, vous b\u00e9n\u00e9ficierez d\u2019un site plus rapide qui respecte les nouvelles normes et tendances web.<br \/>\nSoyez en avant de vos comp\u00e9titeurs. Nous avons les outils, l\u2019expertise et les solutions pour vous.<\/p>\n<p>Contactez-nous et optimisez votre investissement !<\/p>\n<p>[\/et_pb_text][\/et_pb_column][\/et_pb_row][\/et_pb_section][et_pb_section fb_built=\u00a0\u00bb1&Prime; admin_label=\u00a0\u00bbTeams &#038; Positions\u00a0\u00bb _builder_version=\u00a0\u00bb3.22&Prime; background_color=\u00a0\u00bb#ffffff\u00a0\u00bb custom_padding=\u00a0\u00bb0|0px|100px|0px|false|false\u00a0\u00bb fb_built=\u00a0\u00bb1&Prime; _i=\u00a0\u00bb1&Prime; _address=\u00a0\u00bb1&Prime;][et_pb_row column_structure=\u00a0\u00bb1_3,1_3,1_3&Prime; use_custom_gutter=\u00a0\u00bbon\u00a0\u00bb gutter_width=\u00a0\u00bb2&Prime; admin_label=\u00a0\u00bbCareers\u00a0\u00bb _builder_version=\u00a0\u00bb3.25&Prime; max_width=\u00a0\u00bb80%\u00a0\u00bb custom_padding=\u00a0\u00bb1px|0px|27px|0px|false|false\u00a0\u00bb use_custom_width=\u00a0\u00bbon\u00a0\u00bb width_unit=\u00a0\u00bboff\u00a0\u00bb _i=\u00a0\u00bb0&Prime; _address=\u00a0\u00bb1.0&Prime;][et_pb_column type=\u00a0\u00bb1_3&Prime; _builder_version=\u00a0\u00bb3.25&Prime; custom_padding=\u00a0\u00bb|||\u00a0\u00bb _i=\u00a0\u00bb0&Prime; _address=\u00a0\u00bb1.0.0&Prime; custom_padding__hover=\u00a0\u00bb|||\u00a0\u00bb][et_pb_blurb title=\u00a0\u00bbPourquoi optimiser ?\u00a0\u00bb use_icon=\u00a0\u00bbon\u00a0\u00bb font_icon=\u00a0\u00bb%%165%%\u00a0\u00bb icon_color=\u00a0\u00bb#ffffff\u00a0\u00bb admin_label=\u00a0\u00bbCareers\u00a0\u00bb _builder_version=\u00a0\u00bb3.29.3&Prime; header_level=\u00a0\u00bbh2&Prime; header_font=\u00a0\u00bbMontserrat|600|||||||\u00a0\u00bb header_text_align=\u00a0\u00bbcenter\u00a0\u00bb header_font_size=\u00a0\u00bb21px\u00a0\u00bb header_line_height=\u00a0\u00bb1.7em\u00a0\u00bb body_font=\u00a0\u00bbUbuntu||||||||\u00a0\u00bb body_text_align=\u00a0\u00bbcenter\u00a0\u00bb body_text_color=\u00a0\u00bb#ffffff\u00a0\u00bb body_font_size=\u00a0\u00bb16px\u00a0\u00bb background_color=\u00a0\u00bb#1fb6ea\u00a0\u00bb use_background_color_gradient=\u00a0\u00bbon\u00a0\u00bb background_color_gradient_start=\u00a0\u00bb#e09900&Prime; background_color_gradient_end=\u00a0\u00bb#000000&Prime; background_color_gradient_overlays_image=\u00a0\u00bbon\u00a0\u00bb background_image=\u00a0\u00bbhttps:\/\/paniercanada.com\/wp-content\/uploads\/2019\/02\/web-design-bg-texture_03.jpg\u00a0\u00bb background_blend=\u00a0\u00bboverlay\u00a0\u00bb background_layout=\u00a0\u00bbdark\u00a0\u00bb custom_margin=\u00a0\u00bb30px||30px|\u00a0\u00bb custom_padding=\u00a0\u00bb35px||35px||true\u00a0\u00bb animation_style=\u00a0\u00bbflip\u00a0\u00bb animation_direction=\u00a0\u00bbleft\u00a0\u00bb animation_intensity_flip=\u00a0\u00bb100%\u00a0\u00bb hover_enabled=\u00a0\u00bb0&Prime; header_text_shadow_style=\u00a0\u00bbpreset1&Prime; border_radii=\u00a0\u00bbon|5px|5px|5px|5px\u00a0\u00bb _i=\u00a0\u00bb0&Prime; _address=\u00a0\u00bb1.0.0.0&Prime;]<\/p>\n<p>C\u2019est une question d\u2019efficacit\u00e9 afin de garder l&rsquo;int\u00e9r\u00eat des internautes qui visitent votre entreprise virtuelle.<\/p>\n<p>Un site sera plus rapide que la normale si on utilise les bonnes techniques afin de pr\u00e9senter les informations aux moteurs de recherche.<\/p>\n<p>De plus, en utilisant les m\u00e9thodes sugg\u00e9r\u00e9es d\u2019optimisation, ceci permet de r\u00e9duire la bande passante et les co\u00fbts d\u2019h\u00e9bergement tout en minimisant votre empreinte sur les serveurs.\n<\/p>\n<p>[\/et_pb_blurb][\/et_pb_column][et_pb_column type=\u00a0\u00bb1_3&Prime; _builder_version=\u00a0\u00bb3.25&Prime; custom_padding=\u00a0\u00bb|||\u00a0\u00bb _i=\u00a0\u00bb1&Prime; _address=\u00a0\u00bb1.0.1&Prime; custom_padding__hover=\u00a0\u00bb|||\u00a0\u00bb][et_pb_blurb title=\u00a0\u00bbAcc\u00e8s rapide\u00a0\u00bb use_icon=\u00a0\u00bbon\u00a0\u00bb font_icon=\u00a0\u00bb%%173%%\u00a0\u00bb icon_color=\u00a0\u00bb#ffffff\u00a0\u00bb admin_label=\u00a0\u00bbCareers\u00a0\u00bb _builder_version=\u00a0\u00bb3.29.3&Prime; header_level=\u00a0\u00bbh2&Prime; header_font=\u00a0\u00bbMontserrat|600|||||||\u00a0\u00bb header_text_align=\u00a0\u00bbcenter\u00a0\u00bb header_font_size=\u00a0\u00bb21px\u00a0\u00bb header_line_height=\u00a0\u00bb1.7em\u00a0\u00bb body_font=\u00a0\u00bbUbuntu||||||||\u00a0\u00bb body_text_align=\u00a0\u00bbcenter\u00a0\u00bb body_text_color=\u00a0\u00bb#ffffff\u00a0\u00bb body_font_size=\u00a0\u00bb16px\u00a0\u00bb background_color=\u00a0\u00bb#1fb6ea\u00a0\u00bb use_background_color_gradient=\u00a0\u00bbon\u00a0\u00bb background_color_gradient_start=\u00a0\u00bbrgba(124,218,36,0.5)\u00a0\u00bb background_color_gradient_end=\u00a0\u00bb#000000&Prime; background_color_gradient_overlays_image=\u00a0\u00bbon\u00a0\u00bb background_image=\u00a0\u00bbhttps:\/\/paniercanada.com\/wp-content\/uploads\/2019\/02\/web-design-bg-texture_02.jpg\u00a0\u00bb background_layout=\u00a0\u00bbdark\u00a0\u00bb custom_margin=\u00a0\u00bb30px||30px|\u00a0\u00bb custom_padding=\u00a0\u00bb35px|10px|35px|10px|true\u00a0\u00bb animation_style=\u00a0\u00bbflip\u00a0\u00bb animation_direction=\u00a0\u00bbleft\u00a0\u00bb animation_delay=\u00a0\u00bb500ms\u00a0\u00bb animation_intensity_flip=\u00a0\u00bb100%\u00a0\u00bb hover_enabled=\u00a0\u00bb0&Prime; header_text_shadow_style=\u00a0\u00bbpreset1&Prime; border_radii=\u00a0\u00bbon|5px|5px|5px|5px\u00a0\u00bb _i=\u00a0\u00bb0&Prime; _address=\u00a0\u00bb1.0.1.0&Prime;]<\/p>\n<p>Sachant que les internautes ont de nombreuses options en mati\u00e8re de consommation de contenu sur le web, il faut donc cr\u00e9er une excellente exp\u00e9rience de navigation.<\/p>\n<p>Corriger les \u00e9l\u00e9ments qui affectent la rapidit\u00e9 d&rsquo;acc\u00e8s \u00e0 votre site est imp\u00e9ratif. Vous pourriez d\u00e9courager vos visiteurs et les pousser vers vos comp\u00e9titeurs.<\/p>\n<p>Une optimisation structurelle est donc \u00e0 consid\u00e9rer !<\/p>\n<p>[\/et_pb_blurb][\/et_pb_column][et_pb_column type=\u00a0\u00bb1_3&Prime; _builder_version=\u00a0\u00bb3.25&Prime; custom_padding=\u00a0\u00bb|||\u00a0\u00bb _i=\u00a0\u00bb2&Prime; _address=\u00a0\u00bb1.0.2&Prime; custom_padding__hover=\u00a0\u00bb|||\u00a0\u00bb][et_pb_blurb title=\u00a0\u00bbImpact\u00a0\u00bb use_icon=\u00a0\u00bbon\u00a0\u00bb font_icon=\u00a0\u00bb%%159%%\u00a0\u00bb icon_color=\u00a0\u00bb#ffffff\u00a0\u00bb admin_label=\u00a0\u00bbService\u00a0\u00bb _builder_version=\u00a0\u00bb3.29.3&Prime; header_level=\u00a0\u00bbh2&Prime; header_font=\u00a0\u00bbMontserrat|600|||||||\u00a0\u00bb header_text_align=\u00a0\u00bbcenter\u00a0\u00bb header_font_size=\u00a0\u00bb21px\u00a0\u00bb header_line_height=\u00a0\u00bb1.7em\u00a0\u00bb body_font=\u00a0\u00bbUbuntu||||||||\u00a0\u00bb body_text_align=\u00a0\u00bbcenter\u00a0\u00bb body_text_color=\u00a0\u00bb#ffffff\u00a0\u00bb body_font_size=\u00a0\u00bb16px\u00a0\u00bb background_color=\u00a0\u00bb#1fb6ea\u00a0\u00bb use_background_color_gradient=\u00a0\u00bbon\u00a0\u00bb background_color_gradient_start=\u00a0\u00bbrgba(237,240,0,0.45)\u00a0\u00bb background_color_gradient_end=\u00a0\u00bb#000000&Prime; background_color_gradient_overlays_image=\u00a0\u00bbon\u00a0\u00bb background_image=\u00a0\u00bbhttps:\/\/paniercanada.com\/wp-content\/uploads\/2019\/02\/web-design-bg-texture_02.jpg\u00a0\u00bb background_layout=\u00a0\u00bbdark\u00a0\u00bb custom_margin=\u00a0\u00bb30px||30px|\u00a0\u00bb custom_padding=\u00a0\u00bb35px||35px||true\u00a0\u00bb animation_style=\u00a0\u00bbflip\u00a0\u00bb animation_direction=\u00a0\u00bbleft\u00a0\u00bb animation_delay=\u00a0\u00bb1300ms\u00a0\u00bb animation_intensity_flip=\u00a0\u00bb100%\u00a0\u00bb header_text_shadow_style=\u00a0\u00bbpreset1&Prime; border_radii=\u00a0\u00bbon|5px|5px|5px|5px\u00a0\u00bb _i=\u00a0\u00bb0&Prime; _address=\u00a0\u00bb1.0.2.0&Prime;]<\/p>\n<p>Google a indiqu\u00e9 qu\u2019ils voulaient un Web plus rapide afin que l\u2019on puisse consulter des sites visuellement comme on le fait avec un magazine, ce qui exige un affichage et mise en cache optimale.<\/p>\n<p>Malgr\u00e9 que la vitesse d\u2019un site est la nouvelle tendance, elle n\u2019a pas autant de poids que la pertinence d\u2019une page.<\/p>\n<p>Lorsque vous optimisez un site, ce n\u2019est pas uniquement pour le SEO, c\u2019est aussi pour le plaisir et l\u2019int\u00e9r\u00eat des utilisateurs !\n<\/p>\n<p>[\/et_pb_blurb][\/et_pb_column][\/et_pb_row][\/et_pb_section][et_pb_section fb_built=\u00a0\u00bb1&Prime; fullwidth=\u00a0\u00bbon\u00a0\u00bb _builder_version=\u00a0\u00bb3.22&Prime; fb_built=\u00a0\u00bb1&Prime; _i=\u00a0\u00bb2&Prime; _address=\u00a0\u00bb2&Prime;][et_pb_fullwidth_slider _builder_version=\u00a0\u00bb3.29.3&Prime; header_font=\u00a0\u00bb||||||||\u00a0\u00bb _i=\u00a0\u00bb0&Prime; _address=\u00a0\u00bb2.0&Prime;][et_pb_slide heading=\u00a0\u00bbFORFAITS OPTIMISATION STRUCTURELLE\u00a0\u00bb button_text=\u00a0\u00bbPlus de d\u00e9tails\u00a0\u00bb use_bg_overlay=\u00a0\u00bbon\u00a0\u00bb use_text_overlay=\u00a0\u00bbon\u00a0\u00bb _builder_version=\u00a0\u00bb3.29.3&Prime; header_font=\u00a0\u00bb||||||||\u00a0\u00bb background_image=\u00a0\u00bbhttps:\/\/paniercanada.com\/wp-content\/uploads\/2019\/02\/Optimisation-Site-Web-Forfaits.jpg\u00a0\u00bb parallax=\u00a0\u00bbon\u00a0\u00bb parallax_method=\u00a0\u00bboff\u00a0\u00bb _i=\u00a0\u00bb0&Prime; _address=\u00a0\u00bb2.0.0&Prime;]<\/p>\n<p>Nos forfaits pour l\u2019optimisation structurelle varient selon les correctifs \u00e0 apporter, le nombre de pages et la complexit\u00e9 du param\u00e9trage des \u00e9l\u00e9ments en place.<\/p>\n<p>Contactez-nous pour plus amples d\u00e9tails.<\/p>\n<p>[\/et_pb_slide][\/et_pb_fullwidth_slider][\/et_pb_section][et_pb_section fb_built=\u00a0\u00bb1&Prime; _builder_version=\u00a0\u00bb3.22&Prime; custom_padding=\u00a0\u00bb0|0px|0|0px|false|false\u00a0\u00bb fb_built=\u00a0\u00bb1&Prime; _i=\u00a0\u00bb3&Prime; _address=\u00a0\u00bb3&Prime;][et_pb_row _builder_version=\u00a0\u00bb3.25&Prime; _i=\u00a0\u00bb0&Prime; _address=\u00a0\u00bb3.0&Prime;][et_pb_column type=\u00a0\u00bb4_4&Prime; _builder_version=\u00a0\u00bb3.25&Prime; custom_padding=\u00a0\u00bb|||\u00a0\u00bb _i=\u00a0\u00bb0&Prime; _address=\u00a0\u00bb3.0.0&Prime; custom_padding__hover=\u00a0\u00bb|||\u00a0\u00bb][et_pb_text _builder_version=\u00a0\u00bb3.29.3&Prime; text_font=\u00a0\u00bb||||||||\u00a0\u00bb text_font_size=\u00a0\u00bb10px\u00a0\u00bb _i=\u00a0\u00bb0&Prime; _address=\u00a0\u00bb3.0.0.0&Prime;]<\/p>\n<p style=\"text-align: center;\">Optimisation structurelle \u2013 Optimisation Site Web \u2013 Acc\u00e8s rapide \u2013 R\u00e9pertoire des entreprises \u2013 H\u00e9bergement et Domaines \u2013 Service SEO \u2013 D\u00e9veloppement Web \u2013 Suite Google \u2013 Outils Google \u2013 R\u00e9reaux sociaux \u2013 Services compl\u00e9mentaires \u2013 Montr\u00e9al \u2013 Rive-Sud \u2013 Rive-Nord \u2013 Qu\u00e9bec \u2013 Qc<\/p>\n<p>[\/et_pb_text][\/et_pb_column][\/et_pb_row][\/et_pb_section]<\/p>\n","protected":false},"excerpt":{"rendered":"<p>OPTIMISATION STRUCTURELLE En effectuant une optimisation structurelle, vous b\u00e9n\u00e9ficierez d\u2019un site plus rapide qui respecte les nouvelles normes et tendances web. Soyez en avant de vos comp\u00e9titeurs. Nous avons les outils, l\u2019expertise et les solutions pour vous. Contactez-nous et optimisez votre investissement !C\u2019est une question d\u2019efficacit\u00e9 afin de garder l&rsquo;int\u00e9r\u00eat des internautes qui visitent votre [&hellip;]<\/p>\n","protected":false},"author":1,"featured_media":0,"parent":49,"menu_order":0,"comment_status":"closed","ping_status":"closed","template":"","meta":{"_acf_changed":false,"_et_pb_use_builder":"on","_et_pb_old_content":"","_et_gb_content_width":"","_eb_attr":"","footnotes":""},"class_list":["post-377","page","type-page","status-publish","hentry"],"acf":[],"_links":{"self":[{"href":"https:\/\/paniercanada.com\/en\/wp-json\/wp\/v2\/pages\/377","targetHints":{"allow":["GET"]}}],"collection":[{"href":"https:\/\/paniercanada.com\/en\/wp-json\/wp\/v2\/pages"}],"about":[{"href":"https:\/\/paniercanada.com\/en\/wp-json\/wp\/v2\/types\/page"}],"author":[{"embeddable":true,"href":"https:\/\/paniercanada.com\/en\/wp-json\/wp\/v2\/users\/1"}],"replies":[{"embeddable":true,"href":"https:\/\/paniercanada.com\/en\/wp-json\/wp\/v2\/comments?post=377"}],"version-history":[{"count":1,"href":"https:\/\/paniercanada.com\/en\/wp-json\/wp\/v2\/pages\/377\/revisions"}],"predecessor-version":[{"id":949,"href":"https:\/\/paniercanada.com\/en\/wp-json\/wp\/v2\/pages\/377\/revisions\/949"}],"up":[{"embeddable":true,"href":"https:\/\/paniercanada.com\/en\/wp-json\/wp\/v2\/pages\/49"}],"wp:attachment":[{"href":"https:\/\/paniercanada.com\/en\/wp-json\/wp\/v2\/media?parent=377"}],"curies":[{"name":"wp","href":"https:\/\/api.w.org\/{rel}","templated":true}]}}