{"id":49,"date":"2019-02-09T07:56:36","date_gmt":"2019-02-09T12:56:36","guid":{"rendered":"https:\/\/paniercanada.com\/?page_id=49"},"modified":"2021-04-03T22:40:18","modified_gmt":"2021-04-04T02:40:18","slug":"services","status":"publish","type":"page","link":"https:\/\/paniercanada.com\/en\/services\/","title":{"rendered":"Services"},"content":{"rendered":"<p>[et_pb_section fb_built=\u00a0\u00bb1&Prime; custom_padding_last_edited=\u00a0\u00bbon|tablet\u00a0\u00bb admin_label=\u00a0\u00bbHero Section\u00a0\u00bb _builder_version=\u00a0\u00bb3.22&Prime; background_color=\u00a0\u00bb#3644af\u00a0\u00bb use_background_color_gradient=\u00a0\u00bbon\u00a0\u00bb background_color_gradient_start=\u00a0\u00bbrgba(255,255,255,0)\u00a0\u00bb background_color_gradient_end=\u00a0\u00bb#ffffff\u00a0\u00bb background_color_gradient_overlays_image=\u00a0\u00bbon\u00a0\u00bb background_image=\u00a0\u00bbhttps:\/\/paniercanada.com\/wp-content\/uploads\/2019\/02\/Optimisation-Site-Web-Services-Web.jpg\u00a0\u00bb custom_padding=\u00a0\u00bb100px|0px|167px|0px|false|false\u00a0\u00bb custom_padding_tablet=\u00a0\u00bb|||\u00a0\u00bb custom_padding_phone=\u00a0\u00bb|||\u00a0\u00bb][et_pb_row _builder_version=\u00a0\u00bb3.25&Prime; background_color=\u00a0\u00bbrgba(0,0,0,0.68)\u00a0\u00bb max_width=\u00a0\u00bb80%\u00a0\u00bb custom_padding=\u00a0\u00bb|||\u00a0\u00bb animation_style=\u00a0\u00bbslide\u00a0\u00bb animation_direction=\u00a0\u00bbbottom\u00a0\u00bb animation_intensity_slide=\u00a0\u00bb10%\u00a0\u00bb use_custom_width=\u00a0\u00bbon\u00a0\u00bb width_unit=\u00a0\u00bboff\u00a0\u00bb][et_pb_column type=\u00a0\u00bb4_4&Prime; _builder_version=\u00a0\u00bb3.25&Prime; custom_padding=\u00a0\u00bb|||\u00a0\u00bb custom_padding__hover=\u00a0\u00bb|||\u00a0\u00bb][et_pb_text admin_label=\u00a0\u00bbTitle and subhead\u00a0\u00bb _builder_version=\u00a0\u00bb3.27.4&Prime; text_font=\u00a0\u00bbUbuntu||||||||\u00a0\u00bb text_text_color=\u00a0\u00bb#ffffff\u00a0\u00bb text_font_size=\u00a0\u00bb16px\u00a0\u00bb text_line_height=\u00a0\u00bb1.8em\u00a0\u00bb header_font=\u00a0\u00bbMontserrat|600|||||||\u00a0\u00bb header_text_color=\u00a0\u00bb#e09900&Prime; header_font_size=\u00a0\u00bb50px\u00a0\u00bb header_line_height=\u00a0\u00bb1.4em\u00a0\u00bb header_2_font=\u00a0\u00bb||||||||\u00a0\u00bb text_orientation=\u00a0\u00bbcenter\u00a0\u00bb max_width=\u00a0\u00bb600px\u00a0\u00bb module_alignment=\u00a0\u00bbcenter\u00a0\u00bb header_font_size_tablet=\u00a0\u00bb\u00a0\u00bb header_font_size_phone=\u00a0\u00bb40px\u00a0\u00bb header_font_size_last_edited=\u00a0\u00bbon|desktop\u00a0\u00bb locked=\u00a0\u00bboff\u00a0\u00bb]<\/p>\n<h1>SERVICES OFFERTS<\/h1>\n<p>\nLes services que nous proposons sont: le d\u00e9veloppement Web, le SEO, les outils et la Suite Google, l\u2019optimisation structurelle, les r\u00e9seaux sociaux et multiples services compl\u00e9mentaires.<\/p>\n<p>Contactez-nous pour obtenir le service sur mesure dont vous avez besoins selon votre budget et vos exigences..<\/p>\n<p>[\/et_pb_text][\/et_pb_column][\/et_pb_row][\/et_pb_section][et_pb_section fb_built=\u00a0\u00bb1&Prime; admin_label=\u00a0\u00bbTeams &#038; Positions\u00a0\u00bb _builder_version=\u00a0\u00bb3.22&Prime; background_color=\u00a0\u00bb#ffffff\u00a0\u00bb custom_padding=\u00a0\u00bb0|0px|100px|0px|false|false\u00a0\u00bb][et_pb_row column_structure=\u00a0\u00bb1_3,1_3,1_3&Prime; use_custom_gutter=\u00a0\u00bbon\u00a0\u00bb gutter_width=\u00a0\u00bb2&Prime; admin_label=\u00a0\u00bbCareers\u00a0\u00bb _builder_version=\u00a0\u00bb3.25&Prime; max_width=\u00a0\u00bb80%\u00a0\u00bb custom_padding=\u00a0\u00bb1px|0px|27px|0px|false|false\u00a0\u00bb use_custom_width=\u00a0\u00bbon\u00a0\u00bb width_unit=\u00a0\u00bboff\u00a0\u00bb][et_pb_column type=\u00a0\u00bb1_3&Prime; _builder_version=\u00a0\u00bb3.25&Prime; custom_padding=\u00a0\u00bb|||\u00a0\u00bb custom_padding__hover=\u00a0\u00bb|||\u00a0\u00bb][et_pb_blurb title=\u00a0\u00bbD\u00e9veloppement Web\u00a0\u00bb use_icon=\u00a0\u00bbon\u00a0\u00bb font_icon=\u00a0\u00bb%%165%%\u00a0\u00bb icon_color=\u00a0\u00bb#ffffff\u00a0\u00bb admin_label=\u00a0\u00bbCareers\u00a0\u00bb _builder_version=\u00a0\u00bb4.6.6&Prime; header_level=\u00a0\u00bbh2&Prime; header_font=\u00a0\u00bbMontserrat|600|||||||\u00a0\u00bb header_text_align=\u00a0\u00bbcenter\u00a0\u00bb header_font_size=\u00a0\u00bb21px\u00a0\u00bb header_line_height=\u00a0\u00bb1.7em\u00a0\u00bb body_font=\u00a0\u00bbUbuntu||||||||\u00a0\u00bb body_text_align=\u00a0\u00bbcenter\u00a0\u00bb body_text_color=\u00a0\u00bb#ffffff\u00a0\u00bb body_font_size=\u00a0\u00bb16px\u00a0\u00bb background_color=\u00a0\u00bb#1fb6ea\u00a0\u00bb use_background_color_gradient=\u00a0\u00bbon\u00a0\u00bb background_color_gradient_start=\u00a0\u00bb#e09900&Prime; background_color_gradient_end=\u00a0\u00bb#000000&Prime; background_color_gradient_overlays_image=\u00a0\u00bbon\u00a0\u00bb background_image=\u00a0\u00bbhttps:\/\/paniercanada.com\/wp-content\/uploads\/2019\/02\/web-design-bg-texture_03.jpg\u00a0\u00bb background_blend=\u00a0\u00bboverlay\u00a0\u00bb background_layout=\u00a0\u00bbdark\u00a0\u00bb custom_margin=\u00a0\u00bb30px||30px|\u00a0\u00bb custom_padding=\u00a0\u00bb35px||35px||true\u00a0\u00bb animation_style=\u00a0\u00bbflip\u00a0\u00bb animation_direction=\u00a0\u00bbleft\u00a0\u00bb animation_intensity_flip=\u00a0\u00bb100%\u00a0\u00bb hover_enabled=\u00a0\u00bb0&Prime; header_text_shadow_style=\u00a0\u00bbpreset1&Prime; border_radii=\u00a0\u00bbon|5px|5px|5px|5px\u00a0\u00bb link_option_url=\u00a0\u00bbhttps:\/\/paniercanada.com\/services\/developpement-web\/\u00a0\u00bb sticky_enabled=\u00a0\u00bb0&Prime;]<\/p>\n<p>Vous avez besoin: d\u2019une Page ou d\u2019un Site Web, d\u2019un Blogue, d\u2019une Boutique en ligne, une pr\u00e9sence sur les R\u00e9seaux sociaux ?<\/p>\n<p>[\/et_pb_blurb][et_pb_blurb title=\u00a0\u00bbOptimisation structurelle\u00a0\u00bb use_icon=\u00a0\u00bbon\u00a0\u00bb font_icon=\u00a0\u00bb%%159%%\u00a0\u00bb icon_color=\u00a0\u00bb#ffffff\u00a0\u00bb admin_label=\u00a0\u00bbService\u00a0\u00bb _builder_version=\u00a0\u00bb4.6.6&Prime; header_level=\u00a0\u00bbh2&Prime; header_font=\u00a0\u00bbMontserrat|600|||||||\u00a0\u00bb header_text_align=\u00a0\u00bbcenter\u00a0\u00bb header_font_size=\u00a0\u00bb21px\u00a0\u00bb header_line_height=\u00a0\u00bb1.7em\u00a0\u00bb body_font=\u00a0\u00bbUbuntu||||||||\u00a0\u00bb body_text_align=\u00a0\u00bbcenter\u00a0\u00bb body_text_color=\u00a0\u00bb#ffffff\u00a0\u00bb body_font_size=\u00a0\u00bb16px\u00a0\u00bb background_color=\u00a0\u00bb#1fb6ea\u00a0\u00bb use_background_color_gradient=\u00a0\u00bbon\u00a0\u00bb background_color_gradient_start=\u00a0\u00bbrgba(237,240,0,0.45)\u00a0\u00bb background_color_gradient_end=\u00a0\u00bb#000000&Prime; background_color_gradient_overlays_image=\u00a0\u00bbon\u00a0\u00bb background_image=\u00a0\u00bbhttps:\/\/paniercanada.com\/wp-content\/uploads\/2019\/02\/web-design-bg-texture_02.jpg\u00a0\u00bb background_layout=\u00a0\u00bbdark\u00a0\u00bb custom_margin=\u00a0\u00bb30px||30px|\u00a0\u00bb custom_padding=\u00a0\u00bb35px||35px||true\u00a0\u00bb animation_style=\u00a0\u00bbflip\u00a0\u00bb animation_direction=\u00a0\u00bbleft\u00a0\u00bb animation_delay=\u00a0\u00bb1300ms\u00a0\u00bb animation_intensity_flip=\u00a0\u00bb100%\u00a0\u00bb hover_enabled=\u00a0\u00bb0&Prime; header_text_shadow_style=\u00a0\u00bbpreset1&Prime; border_radii=\u00a0\u00bbon|5px|5px|5px|5px\u00a0\u00bb link_option_url=\u00a0\u00bbhttps:\/\/paniercanada.com\/services\/optimisation-structurelle\/\u00a0\u00bb sticky_enabled=\u00a0\u00bb0&Prime;]<\/p>\n<p>Rehausse l&rsquo;exp\u00e9rience pour les internautes qui visitent votre site, en corrigeant les \u00e9l\u00e9ments structurels qui ralentissent la performance.<\/p>\n<p>[\/et_pb_blurb][\/et_pb_column][et_pb_column type=\u00a0\u00bb1_3&Prime; _builder_version=\u00a0\u00bb3.25&Prime; custom_padding=\u00a0\u00bb|||\u00a0\u00bb custom_padding__hover=\u00a0\u00bb|||\u00a0\u00bb][et_pb_blurb title=\u00a0\u00bbService SEO\u00a0\u00bb use_icon=\u00a0\u00bbon\u00a0\u00bb font_icon=\u00a0\u00bb%%158%%\u00a0\u00bb icon_color=\u00a0\u00bb#ffffff\u00a0\u00bb admin_label=\u00a0\u00bbCareers\u00a0\u00bb _builder_version=\u00a0\u00bb4.6.6&Prime; header_level=\u00a0\u00bbh2&Prime; header_font=\u00a0\u00bbMontserrat|600|||||||\u00a0\u00bb header_text_align=\u00a0\u00bbcenter\u00a0\u00bb header_font_size=\u00a0\u00bb21px\u00a0\u00bb header_line_height=\u00a0\u00bb1.7em\u00a0\u00bb body_font=\u00a0\u00bbUbuntu||||||||\u00a0\u00bb body_text_align=\u00a0\u00bbcenter\u00a0\u00bb body_text_color=\u00a0\u00bb#ffffff\u00a0\u00bb body_font_size=\u00a0\u00bb16px\u00a0\u00bb background_color=\u00a0\u00bb#1fb6ea\u00a0\u00bb use_background_color_gradient=\u00a0\u00bbon\u00a0\u00bb background_color_gradient_start=\u00a0\u00bbrgba(12,113,195,0.5)\u00a0\u00bb background_color_gradient_end=\u00a0\u00bb#000000&Prime; background_color_gradient_overlays_image=\u00a0\u00bbon\u00a0\u00bb background_image=\u00a0\u00bbhttps:\/\/paniercanada.com\/wp-content\/uploads\/2019\/02\/web-design-bg-texture_01.jpg\u00a0\u00bb background_layout=\u00a0\u00bbdark\u00a0\u00bb custom_margin=\u00a0\u00bb30px||30px|\u00a0\u00bb custom_padding=\u00a0\u00bb35px||35px||true\u00a0\u00bb animation_style=\u00a0\u00bbflip\u00a0\u00bb animation_direction=\u00a0\u00bbleft\u00a0\u00bb animation_delay=\u00a0\u00bb250ms\u00a0\u00bb animation_intensity_flip=\u00a0\u00bb100%\u00a0\u00bb hover_enabled=\u00a0\u00bb0&Prime; header_text_shadow_style=\u00a0\u00bbpreset1&Prime; border_radii=\u00a0\u00bbon|5px|5px|5px|5px\u00a0\u00bb link_option_url=\u00a0\u00bbhttps:\/\/paniercanada.com\/services\/seo\/\u00a0\u00bb sticky_enabled=\u00a0\u00bb0&Prime;]<\/p>\n<p>Le SEO permet d\u2019augmenter en tout temps, la visibilit\u00e9 d\u2019une entreprise sur les moteurs de recherche \u00e0 moyen et \u00e0 long terme.<\/p>\n<p>[\/et_pb_blurb][et_pb_blurb title=\u00a0\u00bbR\u00e9seaux sociaux\u00a0\u00bb use_icon=\u00a0\u00bbon\u00a0\u00bb font_icon=\u00a0\u00bb%%86%%\u00a0\u00bb icon_color=\u00a0\u00bb#ffffff\u00a0\u00bb admin_label=\u00a0\u00bbCareers\u00a0\u00bb _builder_version=\u00a0\u00bb4.6.6&Prime; header_level=\u00a0\u00bbh2&Prime; header_font=\u00a0\u00bbMontserrat|600|||||||\u00a0\u00bb header_text_align=\u00a0\u00bbcenter\u00a0\u00bb header_font_size=\u00a0\u00bb21px\u00a0\u00bb header_line_height=\u00a0\u00bb1.7em\u00a0\u00bb body_font=\u00a0\u00bbUbuntu||||||||\u00a0\u00bb body_text_align=\u00a0\u00bbcenter\u00a0\u00bb body_text_color=\u00a0\u00bb#ffffff\u00a0\u00bb body_font_size=\u00a0\u00bb16px\u00a0\u00bb background_color=\u00a0\u00bb#1fb6ea\u00a0\u00bb use_background_color_gradient=\u00a0\u00bbon\u00a0\u00bb background_color_gradient_start=\u00a0\u00bbrgba(131,0,233,0.38)\u00a0\u00bb background_color_gradient_end=\u00a0\u00bb#000000&Prime; background_color_gradient_overlays_image=\u00a0\u00bbon\u00a0\u00bb background_image=\u00a0\u00bbhttps:\/\/paniercanada.com\/wp-content\/uploads\/2019\/02\/web-design-bg-texture_01.jpg\u00a0\u00bb background_layout=\u00a0\u00bbdark\u00a0\u00bb custom_margin=\u00a0\u00bb30px||30px|\u00a0\u00bb custom_padding=\u00a0\u00bb35px|10px|35px|10px|true\u00a0\u00bb animation_style=\u00a0\u00bbflip\u00a0\u00bb animation_direction=\u00a0\u00bbleft\u00a0\u00bb animation_delay=\u00a0\u00bb1000ms\u00a0\u00bb animation_intensity_flip=\u00a0\u00bb100%\u00a0\u00bb hover_enabled=\u00a0\u00bb0&Prime; header_text_shadow_style=\u00a0\u00bbpreset1&Prime; border_radii=\u00a0\u00bbon|5px|5px|5px|5px\u00a0\u00bb link_option_url=\u00a0\u00bbhttps:\/\/paniercanada.com\/services\/reseaux-sociaux\/\u00a0\u00bb sticky_enabled=\u00a0\u00bb0&Prime;]<\/p>\n<p>Les r\u00e9seaux sociaux sont de plus en plus pr\u00e9sents et importants afin d\u2019augmenter sa pr\u00e9sence Web et g\u00e9n\u00e9rer du traffic.<\/p>\n<p>[\/et_pb_blurb][\/et_pb_column][et_pb_column type=\u00a0\u00bb1_3&Prime; _builder_version=\u00a0\u00bb3.25&Prime; custom_padding=\u00a0\u00bb|||\u00a0\u00bb custom_padding__hover=\u00a0\u00bb|||\u00a0\u00bb][et_pb_blurb title=\u00a0\u00bbOutils Google\u00a0\u00bb use_icon=\u00a0\u00bbon\u00a0\u00bb font_icon=\u00a0\u00bb%%173%%\u00a0\u00bb icon_color=\u00a0\u00bb#ffffff\u00a0\u00bb admin_label=\u00a0\u00bbCareers\u00a0\u00bb _builder_version=\u00a0\u00bb4.6.6&Prime; header_level=\u00a0\u00bbh2&Prime; header_font=\u00a0\u00bbMontserrat|600|||||||\u00a0\u00bb header_text_align=\u00a0\u00bbcenter\u00a0\u00bb header_font_size=\u00a0\u00bb21px\u00a0\u00bb header_line_height=\u00a0\u00bb1.7em\u00a0\u00bb body_font=\u00a0\u00bbUbuntu||||||||\u00a0\u00bb body_text_align=\u00a0\u00bbcenter\u00a0\u00bb body_text_color=\u00a0\u00bb#ffffff\u00a0\u00bb body_font_size=\u00a0\u00bb16px\u00a0\u00bb background_color=\u00a0\u00bb#1fb6ea\u00a0\u00bb use_background_color_gradient=\u00a0\u00bbon\u00a0\u00bb background_color_gradient_start=\u00a0\u00bbrgba(124,218,36,0.5)\u00a0\u00bb background_color_gradient_end=\u00a0\u00bb#000000&Prime; background_color_gradient_overlays_image=\u00a0\u00bbon\u00a0\u00bb background_image=\u00a0\u00bbhttps:\/\/paniercanada.com\/wp-content\/uploads\/2019\/02\/web-design-bg-texture_02.jpg\u00a0\u00bb background_layout=\u00a0\u00bbdark\u00a0\u00bb custom_margin=\u00a0\u00bb30px||30px|\u00a0\u00bb custom_padding=\u00a0\u00bb35px|10px|35px|10px|true\u00a0\u00bb animation_style=\u00a0\u00bbflip\u00a0\u00bb animation_direction=\u00a0\u00bbleft\u00a0\u00bb animation_delay=\u00a0\u00bb500ms\u00a0\u00bb animation_intensity_flip=\u00a0\u00bb100%\u00a0\u00bb hover_enabled=\u00a0\u00bb0&Prime; header_text_shadow_style=\u00a0\u00bbpreset1&Prime; border_radii=\u00a0\u00bbon|5px|5px|5px|5px\u00a0\u00bb link_option_url=\u00a0\u00bbhttps:\/\/paniercanada.com\/services\/suite-google\/\u00a0\u00bb sticky_enabled=\u00a0\u00bb0&Prime;]<\/p>\n<p>La Suite Google offre diverses applications afin de mieux g\u00e9rer son entreprise, de communiquer, partager, planifier.<\/p>\n<p>[\/et_pb_blurb][et_pb_blurb title=\u00a0\u00bbServices compl\u00e9mentaires\u00a0\u00bb use_icon=\u00a0\u00bbon\u00a0\u00bb font_icon=\u00a0\u00bb%%176%%\u00a0\u00bb icon_color=\u00a0\u00bb#ffffff\u00a0\u00bb admin_label=\u00a0\u00bbCareers\u00a0\u00bb _builder_version=\u00a0\u00bb4.6.6&Prime; header_level=\u00a0\u00bbh2&Prime; header_font=\u00a0\u00bbMontserrat|600|||||||\u00a0\u00bb header_text_align=\u00a0\u00bbcenter\u00a0\u00bb header_font_size=\u00a0\u00bb21px\u00a0\u00bb header_line_height=\u00a0\u00bb1.7em\u00a0\u00bb body_font=\u00a0\u00bbUbuntu||||||||\u00a0\u00bb body_text_align=\u00a0\u00bbcenter\u00a0\u00bb body_text_color=\u00a0\u00bb#ffffff\u00a0\u00bb body_font_size=\u00a0\u00bb16px\u00a0\u00bb background_color=\u00a0\u00bb#1fb6ea\u00a0\u00bb use_background_color_gradient=\u00a0\u00bbon\u00a0\u00bb background_color_gradient_start=\u00a0\u00bbrgba(224,43,32,0.5)\u00a0\u00bb background_color_gradient_end=\u00a0\u00bb#000000&Prime; background_color_gradient_overlays_image=\u00a0\u00bbon\u00a0\u00bb background_image=\u00a0\u00bbhttps:\/\/paniercanada.com\/wp-content\/uploads\/2019\/02\/web-design-bg-texture_03.jpg\u00a0\u00bb background_layout=\u00a0\u00bbdark\u00a0\u00bb custom_margin=\u00a0\u00bb30px||30px|\u00a0\u00bb custom_padding=\u00a0\u00bb35px|10px|35px|10px|true\u00a0\u00bb animation_style=\u00a0\u00bbflip\u00a0\u00bb animation_direction=\u00a0\u00bbleft\u00a0\u00bb animation_delay=\u00a0\u00bb750ms\u00a0\u00bb animation_intensity_flip=\u00a0\u00bb100%\u00a0\u00bb hover_enabled=\u00a0\u00bb0&Prime; header_text_shadow_style=\u00a0\u00bbpreset1&Prime; border_radii=\u00a0\u00bbon|5px|5px|5px|5px\u00a0\u00bb link_option_url=\u00a0\u00bbhttps:\/\/paniercanada.com\/services\/services-complementaires\/\u00a0\u00bb sticky_enabled=\u00a0\u00bb0&Prime;]<\/p>\n<p>R\u00e9daction, traduction ou correction de texte, de programmation Excel. Formation ou de service de graphisme.<\/p>\n<p>[\/et_pb_blurb][\/et_pb_column][\/et_pb_row][\/et_pb_section][et_pb_section fb_built=\u00a0\u00bb1&Prime; fullwidth=\u00a0\u00bbon\u00a0\u00bb _builder_version=\u00a0\u00bb3.22&Prime;][et_pb_fullwidth_slider _builder_version=\u00a0\u00bb3.19.16&Prime; header_font=\u00a0\u00bb||||||||\u00a0\u00bb][et_pb_slide heading=\u00a0\u00bbFORFAITS SUR MESURE\u00a0\u00bb button_text=\u00a0\u00bbPlus de d\u00e9tails\u00a0\u00bb use_bg_overlay=\u00a0\u00bbon\u00a0\u00bb use_text_overlay=\u00a0\u00bbon\u00a0\u00bb _builder_version=\u00a0\u00bb3.19.16&Prime; header_font=\u00a0\u00bb||||||||\u00a0\u00bb background_image=\u00a0\u00bbhttps:\/\/paniercanada.com\/wp-content\/uploads\/2019\/02\/Optimisation-Site-Web-Forfaits.jpg\u00a0\u00bb sticky_transition=\u00a0\u00bbon\u00a0\u00bb]Les forfaits que nous offrons sont fa\u00e7onn\u00e9s selon vos besoins et votre budget. Que ce soit pour un projet complet cl\u00e9 en main ou simplement pour un service de r\u00e9f\u00e9rencement combin\u00e9 \u00e0 une optimisation structurelle, vous trouverez ce que vous cherchez.<\/p>\n<p>Contactez-nous, il y aura toujours un forfait \u00e0 votre mesure ![\/et_pb_slide][\/et_pb_fullwidth_slider][\/et_pb_section][et_pb_section fb_built=\u00a0\u00bb1&Prime; _builder_version=\u00a0\u00bb3.22&Prime; custom_padding=\u00a0\u00bb0|0px|0|0px|false|false\u00a0\u00bb][et_pb_row _builder_version=\u00a0\u00bb3.25&Prime;][et_pb_column type=\u00a0\u00bb4_4&Prime; _builder_version=\u00a0\u00bb3.25&Prime; custom_padding=\u00a0\u00bb|||\u00a0\u00bb custom_padding__hover=\u00a0\u00bb|||\u00a0\u00bb][et_pb_text _builder_version=\u00a0\u00bb3.27.4&Prime; text_font=\u00a0\u00bb||||||||\u00a0\u00bb text_font_size=\u00a0\u00bb10px\u00a0\u00bb]<\/p>\n<p style=\"text-align: center;\">Services offerts \u2013 Optimisation Site Web \u2013 OSWSEO \u2013 D\u00e9veloppement Web \u2013 SEO \u2013 Service SEO \u2013 Strat\u00e9gie SEO \u2013 Outils Google \u2013 Suite Google \u2013 Optimisation \u2013 Optimisation structurelle \u2013 R\u00e9seaux sociaux \u2013 Services compl\u00e9mentaires \u2013 R\u00e9pertoire des entreprises \u2013 H\u00e9bergement \u2013 Domaines \u2013 R\u00e9f\u00e9rencement \u2013 Optimisation Web \u2013 Web marketing \u2013 R\u00e9f\u00e9rencement naturel \u2013 R\u00e9f\u00e9rencement Web \u2013 R\u00e9f\u00e9rencement organique \u2013 Analyse SEO \u2013 Montr\u00e9al \u2013 Rive-Sud \u2013 Longueuil \u2013 Rive-Nord \u2013 Qu\u00e9bec \u2013 Qc<\/p>\n<p>[\/et_pb_text][\/et_pb_column][\/et_pb_row][\/et_pb_section]<\/p>\n","protected":false},"excerpt":{"rendered":"<p>SERVICES OFFERTS Les services que nous proposons sont: le d\u00e9veloppement Web, le SEO, les outils et la Suite Google, l\u2019optimisation structurelle, les r\u00e9seaux sociaux et multiples services compl\u00e9mentaires. Contactez-nous pour obtenir le service sur mesure dont vous avez besoins selon votre budget et vos exigences..Vous avez besoin: d\u2019une Page ou d\u2019un Site Web, d\u2019un Blogue, [&hellip;]<\/p>\n","protected":false},"author":1,"featured_media":0,"parent":0,"menu_order":0,"comment_status":"closed","ping_status":"closed","template":"","meta":{"_acf_changed":false,"_et_pb_use_builder":"on","_et_pb_old_content":"","_et_gb_content_width":"","_eb_attr":"","footnotes":""},"class_list":["post-49","page","type-page","status-publish","hentry"],"acf":[],"_links":{"self":[{"href":"https:\/\/paniercanada.com\/en\/wp-json\/wp\/v2\/pages\/49","targetHints":{"allow":["GET"]}}],"collection":[{"href":"https:\/\/paniercanada.com\/en\/wp-json\/wp\/v2\/pages"}],"about":[{"href":"https:\/\/paniercanada.com\/en\/wp-json\/wp\/v2\/types\/page"}],"author":[{"embeddable":true,"href":"https:\/\/paniercanada.com\/en\/wp-json\/wp\/v2\/users\/1"}],"replies":[{"embeddable":true,"href":"https:\/\/paniercanada.com\/en\/wp-json\/wp\/v2\/comments?post=49"}],"version-history":[{"count":4,"href":"https:\/\/paniercanada.com\/en\/wp-json\/wp\/v2\/pages\/49\/revisions"}],"predecessor-version":[{"id":815,"href":"https:\/\/paniercanada.com\/en\/wp-json\/wp\/v2\/pages\/49\/revisions\/815"}],"wp:attachment":[{"href":"https:\/\/paniercanada.com\/en\/wp-json\/wp\/v2\/media?parent=49"}],"curies":[{"name":"wp","href":"https:\/\/api.w.org\/{rel}","templated":true}]}}