{"id":493,"date":"2019-10-06T02:13:29","date_gmt":"2019-10-06T02:13:29","guid":{"rendered":"https:\/\/paniercanada.com\/?page_id=493"},"modified":"2019-10-06T02:45:32","modified_gmt":"2019-10-06T02:45:32","slug":"politique-confidentialite","status":"publish","type":"page","link":"https:\/\/paniercanada.com\/en\/politique-confidentialite\/","title":{"rendered":"Privacy policy"},"content":{"rendered":"<p>[et_pb_section fb_built=\u00a0\u00bb1&Prime; custom_padding_last_edited=\u00a0\u00bbon|tablet\u00a0\u00bb admin_label=\u00a0\u00bbHero Section\u00a0\u00bb _builder_version=\u00a0\u00bb3.22&Prime; background_color=\u00a0\u00bb#3644af\u00a0\u00bb use_background_color_gradient=\u00a0\u00bbon\u00a0\u00bb background_color_gradient_start=\u00a0\u00bbrgba(255,255,255,0)\u00a0\u00bb background_color_gradient_end=\u00a0\u00bb#ffffff\u00a0\u00bb background_color_gradient_overlays_image=\u00a0\u00bbon\u00a0\u00bb custom_padding=\u00a0\u00bb100px|0px|167px|0px|false|false\u00a0\u00bb custom_padding_tablet=\u00a0\u00bb|||\u00a0\u00bb custom_padding_phone=\u00a0\u00bb|||\u00a0\u00bb fb_built=\u00a0\u00bb1&Prime; _i=\u00a0\u00bb0&Prime; _address=\u00a0\u00bb0&Prime;][et_pb_row _builder_version=\u00a0\u00bb3.25&Prime; background_color=\u00a0\u00bbrgba(0,0,0,0.68)\u00a0\u00bb max_width=\u00a0\u00bb80%\u00a0\u00bb custom_padding=\u00a0\u00bb32px|0px|38px|0px|false|false\u00a0\u00bb animation_style=\u00a0\u00bbslide\u00a0\u00bb animation_direction=\u00a0\u00bbbottom\u00a0\u00bb animation_intensity_slide=\u00a0\u00bb10%\u00a0\u00bb use_custom_width=\u00a0\u00bbon\u00a0\u00bb width_unit=\u00a0\u00bboff\u00a0\u00bb _i=\u00a0\u00bb0&Prime; _address=\u00a0\u00bb0.0&Prime;][et_pb_column type=\u00a0\u00bb4_4&Prime; _builder_version=\u00a0\u00bb3.25&Prime; custom_padding=\u00a0\u00bb|||\u00a0\u00bb _i=\u00a0\u00bb0&Prime; _address=\u00a0\u00bb0.0.0&Prime; custom_padding__hover=\u00a0\u00bb|||\u00a0\u00bb][et_pb_text admin_label=\u00a0\u00bbTitre &#8211; Politique de confidentialit\u00e9\u00a0\u00bb _builder_version=\u00a0\u00bb3.29.3&Prime; text_font=\u00a0\u00bbUbuntu||||||||\u00a0\u00bb text_text_color=\u00a0\u00bb#ffffff\u00a0\u00bb text_font_size=\u00a0\u00bb16px\u00a0\u00bb text_line_height=\u00a0\u00bb1.8em\u00a0\u00bb header_font=\u00a0\u00bbMontserrat|600|||||||\u00a0\u00bb header_text_color=\u00a0\u00bb#e09900&Prime; header_font_size=\u00a0\u00bb50px\u00a0\u00bb header_line_height=\u00a0\u00bb1.4em\u00a0\u00bb header_2_font=\u00a0\u00bb||||||||\u00a0\u00bb text_orientation=\u00a0\u00bbcenter\u00a0\u00bb max_width=\u00a0\u00bb600px\u00a0\u00bb module_alignment=\u00a0\u00bbcenter\u00a0\u00bb header_font_size_phone=\u00a0\u00bb40px\u00a0\u00bb header_font_size_last_edited=\u00a0\u00bbon|desktop\u00a0\u00bb locked=\u00a0\u00bboff\u00a0\u00bb _i=\u00a0\u00bb0&Prime; _address=\u00a0\u00bb0.0.0.0&Prime;]<\/p>\n<h1>Politique de confidentialit\u00e9<\/h1>\n<p>[\/et_pb_text][\/et_pb_column][\/et_pb_row][\/et_pb_section][et_pb_section fb_built=\u00a0\u00bb1&Prime; admin_label=\u00a0\u00bbTeams &#038; Positions\u00a0\u00bb _builder_version=\u00a0\u00bb3.22&Prime; background_color=\u00a0\u00bb#ffffff\u00a0\u00bb custom_padding=\u00a0\u00bb0|0px|100px|0px|false|false\u00a0\u00bb fb_built=\u00a0\u00bb1&Prime; _i=\u00a0\u00bb1&Prime; _address=\u00a0\u00bb1&Prime;][et_pb_row column_structure=\u00a0\u00bb1_5,3_5,1_5&Prime; use_custom_gutter=\u00a0\u00bbon\u00a0\u00bb gutter_width=\u00a0\u00bb2&Prime; admin_label=\u00a0\u00bbCareers\u00a0\u00bb _builder_version=\u00a0\u00bb3.25&Prime; max_width=\u00a0\u00bb80%\u00a0\u00bb custom_padding=\u00a0\u00bb1px|0px|27px|0px|false|false\u00a0\u00bb use_custom_width=\u00a0\u00bbon\u00a0\u00bb width_unit=\u00a0\u00bboff\u00a0\u00bb _i=\u00a0\u00bb0&Prime; _address=\u00a0\u00bb1.0&Prime;][et_pb_column type=\u00a0\u00bb1_5&Prime; _builder_version=\u00a0\u00bb3.25&Prime; custom_padding=\u00a0\u00bb|||\u00a0\u00bb _i=\u00a0\u00bb0&Prime; _address=\u00a0\u00bb1.0.0&Prime; custom_padding__hover=\u00a0\u00bb|||\u00a0\u00bb][\/et_pb_column][et_pb_column type=\u00a0\u00bb3_5&Prime; _builder_version=\u00a0\u00bb3.25&Prime; custom_padding=\u00a0\u00bb|||\u00a0\u00bb _i=\u00a0\u00bb1&Prime; _address=\u00a0\u00bb1.0.1&Prime; custom_padding__hover=\u00a0\u00bb|||\u00a0\u00bb][et_pb_text admin_label=\u00a0\u00bbTexte &#8211; Politique de confidentialit\u00e9\u00a0\u00bb _builder_version=\u00a0\u00bb3.29.3&Prime; header_2_font=\u00a0\u00bb|700|||||||\u00a0\u00bb header_2_text_color=\u00a0\u00bb#000000&Prime; header_3_text_align=\u00a0\u00bbcenter\u00a0\u00bb hover_enabled=\u00a0\u00bb0&Prime; _i=\u00a0\u00bb0&Prime; _address=\u00a0\u00bb1.0.1.0&Prime; custom_padding=\u00a0\u00bb40px|40px|40px|40px|false|false\u00a0\u00bb]<\/p>\n<h2>\u00c0 propos de notre Politique de Confidentialit\u00e9<\/h2>\n<p>Optimisation Site Web reconna\u00eet l&rsquo;importance de prot\u00e9ger votre vie priv\u00e9e et vos informations personnelles. C&rsquo;est pourquoi Optimisation Site Web a cr\u00e9\u00e9 cette d\u00e9claration de confidentialit\u00e9 afin de d\u00e9montrer son engagement ferme en ce qui a trait \u00e0 la confidentialit\u00e9 des renseignements personnels fournis par ceux qui visitent, interagissent et utilisent nos services.<\/p>\n<p>Optimisation Site Web respecte votre confidentialit\u00e9 et s\u2019engage \u00e0 ne pas utiliser ni communiquer vos renseignements personnels quels qu&rsquo;ils soient et \u00e0 qui que ce soit conform\u00e9ment \u00e0 la pr\u00e9sente politique de protection de l&rsquo;information et la confidentialit\u00e9 et aux standards internationaux dans la collecte et la protection de donn\u00e9es.<\/p>\n<p>Cette politique sera \u00e9valu\u00e9e en permanence et selon les nouvelles technologies, les pratiques commerciales et les besoins de nos clients.<\/p>\n<p>De plus, en tout temps, si vous ne d\u00e9sirez plus recevoir d\u2019informations de notre part, de quelque fa\u00e7on que ce soit, veuillez nous en informer en nous envoyant un courriel \u00e0 contact@paniercanada.com en \u00e9crivant \u00ab\u00a0D\u00e9sabonnement\u00a0\u00bb dans le sujet du message OU utilisez simplement le lien \u00ab\u00a0Se d\u00e9sinscrire\u00a0\u00bb qui se trouve \u00e0 la fin de notre infolettre.<br \/>\n&nbsp;<br \/>\n&nbsp;<\/p>\n<h2>Prenez \u00e9galement note que<\/h2>\n<p>&#8211; Avant ou au moment de la collecte des informations personnelles, nous identifierons les finalit\u00e9s pour lesquelles les informations sont collect\u00e9es.<\/p>\n<p>&#8211; Nous recueillerons et utiliserons des informations personnelles uniquement dans le but d&rsquo;atteindre les objectifs sp\u00e9cifi\u00e9s par nous et \u00e0 d&rsquo;autres fins compatibles, sauf si nous obtenons le consentement de l&rsquo;individu concern\u00e9 ou tel que requis par la loi.<\/p>\n<p>&#8211; Nous ne conserverons les informations personnelles que le temps n\u00e9cessaire \u00e0 la r\u00e9alisation de ces objectifs.<\/p>\n<p>&#8211; Nous recueillerons des informations personnelles par des moyens l\u00e9gaux et \u00e9quitables et, le cas \u00e9ch\u00e9ant, avec la connaissance ou le consentement de la personne concern\u00e9e.<\/p>\n<p>&#8211; Les donn\u00e9es personnelles doivent \u00eatre pertinentes aux fins pour lesquelles elles doivent \u00eatre utilis\u00e9es et, dans la mesure n\u00e9cessaire \u00e0 ces fins, doivent \u00eatre exactes, compl\u00e8tes et \u00e0 jour.<\/p>\n<p>&#8211; Nous prot\u00e9gerons les renseignements personnels par des mesures de s\u00e9curit\u00e9 raisonnables contre la perte ou le vol, ainsi que l&rsquo;acc\u00e8s non autoris\u00e9, la divulgation, la copie, l&rsquo;utilisation ou la modification.<\/p>\n<p>&#8211; Nous mettrons \u00e0 la disposition des clients des informations sur nos politiques et pratiques relatives \u00e0 la gestion des informations personnelles.<\/p>\n<p>Nous nous engageons \u00e0 mener nos activit\u00e9s conform\u00e9ment \u00e0 ces principes afin de garantir que la confidentialit\u00e9 des renseignements personnels est prot\u00e9g\u00e9e et maintenue.<\/p>\n<h2><\/h2>\n<h4>\u00c9quipe de direction<br \/>\nOptimisation Site Web<\/h4>\n<p><a href=\"mailto:support@paniercanada.com\" target=\"_blank\" rel=\"noopener noreferrer\">support@paniercanada.com<\/a>[\/et_pb_text][\/et_pb_column][et_pb_column type=\u00a0\u00bb1_5&Prime; _builder_version=\u00a0\u00bb3.25&Prime; custom_padding=\u00a0\u00bb|||\u00a0\u00bb _i=\u00a0\u00bb2&Prime; _address=\u00a0\u00bb1.0.2&Prime; custom_padding__hover=\u00a0\u00bb|||\u00a0\u00bb][\/et_pb_column][\/et_pb_row][\/et_pb_section][et_pb_section fb_built=\u00a0\u00bb1&Prime; _builder_version=\u00a0\u00bb3.22&Prime; custom_padding=\u00a0\u00bb0|0px|0|0px|false|false\u00a0\u00bb fb_built=\u00a0\u00bb1&Prime; _i=\u00a0\u00bb2&Prime; _address=\u00a0\u00bb2&Prime;][et_pb_row _builder_version=\u00a0\u00bb3.25&Prime; _i=\u00a0\u00bb0&Prime; _address=\u00a0\u00bb2.0&Prime;][et_pb_column type=\u00a0\u00bb4_4&Prime; _builder_version=\u00a0\u00bb3.25&Prime; custom_padding=\u00a0\u00bb|||\u00a0\u00bb _i=\u00a0\u00bb0&Prime; _address=\u00a0\u00bb2.0.0&Prime; custom_padding__hover=\u00a0\u00bb|||\u00a0\u00bb][et_pb_text admin_label=\u00a0\u00bbSEO Footer\u00a0\u00bb _builder_version=\u00a0\u00bb3.29.3&Prime; text_font=\u00a0\u00bb||||||||\u00a0\u00bb text_font_size=\u00a0\u00bb10px\u00a0\u00bb header_3_text_align=\u00a0\u00bbcenter\u00a0\u00bb width=\u00a0\u00bb90%\u00a0\u00bb max_width=\u00a0\u00bb1400px\u00a0\u00bb module_alignment=\u00a0\u00bbcenter\u00a0\u00bb _i=\u00a0\u00bb0&Prime; _address=\u00a0\u00bb2.0.0.0&Prime;]<\/p>\n<h3>Politique de confidentialit\u00e9 &#8211; Optimisation Site Web &#8211; Accueil &#8211; \u00c0 propos &#8211;  R\u00e9pertoire des entreprises &#8211; Services &#8211; Conception web &#8211; SEO &#8211; R\u00e9f\u00e9rencement &#8211; Strat\u00e9gie webmarketing &#8211; D\u00e9veloppement Web &#8211; Boutique en ligne &#8211; Syst\u00e8me de R\u00e9servations en ligne &#8211; Outils Google &#8211; G Suite &#8211; Domaines &#8211; H\u00e9bergement &#8211; Certificats SSL &#8211; Placement publicitaire &#8211; \u00c0 propos &#8211; FAQ &#8211; Questions fr\u00e9quentes &#8211; Contact &#8211; Trucs et astuces &#8211; Nouvelles &#8211; Termes et Conditions &#8211; Conditions d\u2019utilisation &#8211; Politique de Confidentialit\u00e9 &#8211; Montr\u00e9al &#8211; Rive-Sud &#8211; Rive-Nord<\/h3>\n<p>[\/et_pb_text][\/et_pb_column][\/et_pb_row][\/et_pb_section]<\/p>\n","protected":false},"excerpt":{"rendered":"<p>Politique de confidentialit\u00e9\u00c0 propos de notre Politique de Confidentialit\u00e9 Optimisation Site Web reconna\u00eet l&rsquo;importance de prot\u00e9ger votre vie priv\u00e9e et vos informations personnelles. C&rsquo;est pourquoi Optimisation Site Web a cr\u00e9\u00e9 cette d\u00e9claration de confidentialit\u00e9 afin de d\u00e9montrer son engagement ferme en ce qui a trait \u00e0 la confidentialit\u00e9 des renseignements personnels fournis par ceux qui [&hellip;]<\/p>\n","protected":false},"author":2,"featured_media":0,"parent":0,"menu_order":0,"comment_status":"closed","ping_status":"closed","template":"","meta":{"_acf_changed":false,"_et_pb_use_builder":"on","_et_pb_old_content":"","_et_gb_content_width":"","_eb_attr":"","footnotes":""},"class_list":["post-493","page","type-page","status-publish","hentry"],"acf":[],"_links":{"self":[{"href":"https:\/\/paniercanada.com\/en\/wp-json\/wp\/v2\/pages\/493","targetHints":{"allow":["GET"]}}],"collection":[{"href":"https:\/\/paniercanada.com\/en\/wp-json\/wp\/v2\/pages"}],"about":[{"href":"https:\/\/paniercanada.com\/en\/wp-json\/wp\/v2\/types\/page"}],"author":[{"embeddable":true,"href":"https:\/\/paniercanada.com\/en\/wp-json\/wp\/v2\/users\/2"}],"replies":[{"embeddable":true,"href":"https:\/\/paniercanada.com\/en\/wp-json\/wp\/v2\/comments?post=493"}],"version-history":[{"count":0,"href":"https:\/\/paniercanada.com\/en\/wp-json\/wp\/v2\/pages\/493\/revisions"}],"wp:attachment":[{"href":"https:\/\/paniercanada.com\/en\/wp-json\/wp\/v2\/media?parent=493"}],"curies":[{"name":"wp","href":"https:\/\/api.w.org\/{rel}","templated":true}]}}